{"id":13869,"date":"2021-06-11T16:23:47","date_gmt":"2021-06-11T13:23:47","guid":{"rendered":"https:\/\/www.maden.net\/hakkimizda\/"},"modified":"2022-06-18T16:24:10","modified_gmt":"2022-06-18T13:24:10","slug":"a-propos-de-nous","status":"publish","type":"page","link":"https:\/\/www.maden.net\/fr\/a-propos-de-nous\/","title":{"rendered":"\u00c0 PROPOS DE NOUS"},"content":{"rendered":"<section class=\"l-section wpb_row height_medium full_height valign_center\"><div class=\"l-section-h i-cf\"><div class=\"g-cols vc_row via_flex valign_top type_default stacking_default\"><div class=\"vc_col-sm-12 wpb_column vc_column_container\"><div class=\"vc_column-inner\"><div class=\"wpb_wrapper\"><div class=\"g-cols wpb_row via_flex valign_top type_default stacking_default\"><div class=\"vc_col-sm-3 wpb_column vc_column_container\"><div class=\"vc_column-inner\"><div class=\"wpb_wrapper\"><\/div><\/div><\/div><div class=\"vc_col-sm-6 wpb_column vc_column_container\"><div class=\"vc_column-inner\"><div class=\"wpb_wrapper\"><div class=\"w-image align_center\"><div class=\"w-image-h\"><img loading=\"lazy\" decoding=\"async\" width=\"800\" height=\"560\" src=\"https:\/\/www.maden.net\/wp-content\/uploads\/2022\/06\/home-img-03.png\" class=\"attachment-full size-full\" alt=\"\" srcset=\"https:\/\/www.maden.net\/wp-content\/uploads\/2022\/06\/home-img-03.png 800w, https:\/\/www.maden.net\/wp-content\/uploads\/2022\/06\/home-img-03-300x210.png 300w\" sizes=\"auto, (max-width: 800px) 100vw, 800px\" \/><\/div><\/div><\/div><\/div><\/div><div class=\"vc_col-sm-3 wpb_column vc_column_container\"><div class=\"vc_column-inner\"><div class=\"wpb_wrapper\"><\/div><\/div><\/div><\/div><div class=\"w-separator size_medium\"><\/div><div class=\"wpb_text_column\"><div class=\"wpb_wrapper\"><p style=\"text-align: center;\">MADEN MACHINERY poursuit ses activit\u00e9s dans le secteur des machines de concassage et de criblage de pierres avec ses 25 ans de connaissances et d&rsquo;exp\u00e9rience.<\/p>\n<p style=\"text-align: center;\">Notre objectif est de faire de notre entreprise l&rsquo;une des entreprises leaders du secteur. MADEN MACHINERY, qui est au service de ses clients dans toutes ses activit\u00e9s de conception de projet, de fabrication, de montage sur site, de vente et apr\u00e8s-vente, de service et de pi\u00e8ces de rechange, gardera toujours sa d\u00e9termination et son enthousiasme pour atteindre son objectif au plus haut \u00e0 la hauteur de son exp\u00e9rience acquise sur le terrain.<\/p>\n<p style=\"text-align: center;\">En tant que MADEN MACHINERY, nous utilisons de l&rsquo;acier et d&rsquo;autres mati\u00e8res premi\u00e8res de la plus haute qualit\u00e9 dans toute notre production, et nous produisons en utilisant des technologies CNC \u00e0 toutes nos \u00e9tapes de fabrication, de d\u00e9coupe de t\u00f4le, de pliage et d&rsquo;usinage.<\/p>\n<p><strong>MADEN MACHINERY dans la conception de machines et le projet d&rsquo;installation<\/strong><\/p>\n<\/div><\/div><\/div><\/div><\/div><\/div><\/div><\/section><section class=\"l-section wpb_row height_medium full_height valign_center with_img\" id=\"04\"><div class=\"l-section-img\" style=\"background-image: url(https:\/\/www.maden.net\/wp-content\/uploads\/2021\/05\/vide-bg.jpg);background-position: bottom right;background-repeat: no-repeat;\" data-img-width=\"1920\" data-img-height=\"600\"><\/div><div class=\"l-section-h i-cf\"><div class=\"g-cols vc_row via_flex valign_top type_default stacking_default\"><div class=\"vc_col-sm-12 wpb_column vc_column_container\"><div class=\"vc_column-inner\"><div class=\"wpb_wrapper\"><div class=\"g-cols wpb_row via_flex valign_top type_default stacking_default\"><div class=\"vc_col-sm-6 wpb_column vc_column_container\"><div class=\"vc_column-inner\"><div class=\"wpb_wrapper\"><div class=\"w-video align_none ratio_16x9 with_overlay\" style=\"background-image:url(https:\/\/www.maden.net\/wp-content\/uploads\/2021\/05\/video-kapak.jpg);\" onclick=\"return {&quot;player_id&quot;:&quot;youtube-wf8a&quot;,&quot;player_api&quot;:&quot;\\\/\\\/www.youtube.com\\\/player_api&quot;,&quot;player_html&quot;:&quot;&lt;div id=\\&quot;youtube-wf8a\\&quot;&gt;&lt;\\\/div&gt;&lt;script&gt;\\r\\n\\t\\t\\tif ( window.USYTPlayers === undefined ) {\\r\\n\\t\\t\\t\\twindow.USYTPlayers = [];\\r\\n\\t\\t\\t}\\r\\n\\t\\t\\twindow.USYTPlayers.push( {\\r\\n\\t\\t\\t\\tplayerID: \\&quot;youtube-wf8a\\&quot;,\\r\\n\\t\\t\\t\\tvideoID: \\&quot;NOwjttP08oQ\\&quot;,\\r\\n\\t\\t\\t\\tplayerVars: {\\&quot;origin\\&quot;:\\&quot;https:\\\\\\\/\\\\\\\/www.maden.net\\&quot;,\\&quot;controls\\&quot;:1,\\&quot;autoplay\\&quot;:1,\\&quot;playlist\\&quot;:\\&quot;NOwjttP08oQ\\&quot;}\\t\\t\\t\\r\\n\\t\\t\\t} );\\r\\n\\t\\t\\tif ( window.USYTInited === undefined ) {\\r\\n\\t\\t\\t\\t\\\/\\\/ Trying to override other possible WP YT API calls if our element is used\\r\\n\\t\\t\\t\\twindow.USYTInited = true;\\r\\n\\t\\t\\t\\twindow.onYouTubePlayerAPIReady = function() {\\r\\n\\t\\t\\t\\t\\tfor ( var i in window.USYTPlayers ) {\\r\\n\\t\\t\\t\\t\\t\\tvar _playerParams = window.USYTPlayers[ i ];\\r\\n\\t\\t\\t\\t\\t\\t$us.YTPlayers[ _playerParams.playerID ] = new YT.Player( _playerParams.playerID, {\\r\\n\\t\\t\\t\\t\\t\\t\\tvideoId: _playerParams.videoID,\\r\\n\\t\\t\\t\\t\\t\\t\\tplayerVars: _playerParams.playerVars\\r\\n\\t\\t\\t\\t\\t\\t} );\\r\\n\\t\\t\\t\\t\\t}\\r\\n\\t\\t\\t\\t}\\r\\n\\t\\t\\t}\\r\\n\\t\\t\\tif ( !! window.YT ) {\\r\\n\\t\\t\\t\\t$us.YTPlayers[\\&quot;youtube-wf8a\\&quot;] = new YT.Player( \\&quot;youtube-wf8a\\&quot;, {\\r\\n\\t\\t\\t\\t\\tvideoId: \\&quot;NOwjttP08oQ\\&quot;,\\r\\n\\t\\t\\t\\t\\tplayerVars: {\\&quot;origin\\&quot;:\\&quot;https:\\\\\\\/\\\\\\\/www.maden.net\\&quot;,\\&quot;controls\\&quot;:1,\\&quot;autoplay\\&quot;:1,\\&quot;playlist\\&quot;:\\&quot;NOwjttP08oQ\\&quot;}\\r\\n\\t\\t\\t\\t} );\\r\\n\\t\\t\\t}\\r\\n\\t\\t&lt;\\\/script&gt;&quot;}\"><div class=\"w-video-h\"><\/div><div class=\"w-video-icon\" style=\"font-size:1.5rem;background:var(--color-content-secondary);color:var(--color-content-primary)\"><\/div><\/div><div class=\"w-separator size_medium\"><\/div><div class=\"wpb_text_column\"><div class=\"wpb_wrapper\"><h4 style=\"text-align: center;\">Film d&rsquo;introduction<\/h4>\n<\/div><\/div><\/div><\/div><\/div><div class=\"vc_col-sm-6 wpb_column vc_column_container\"><div class=\"vc_column-inner\"><div class=\"wpb_wrapper\"><div class=\"w-video align_none ratio_16x9 with_overlay\" style=\"background-image:url(https:\/\/www.maden.net\/wp-content\/uploads\/2021\/05\/video-kapak.jpg);\" onclick=\"return {&quot;player_id&quot;:&quot;youtube-j4c9&quot;,&quot;player_api&quot;:&quot;\\\/\\\/www.youtube.com\\\/player_api&quot;,&quot;player_html&quot;:&quot;&lt;div id=\\&quot;youtube-j4c9\\&quot;&gt;&lt;\\\/div&gt;&lt;script&gt;\\r\\n\\t\\t\\tif ( window.USYTPlayers === undefined ) {\\r\\n\\t\\t\\t\\twindow.USYTPlayers = [];\\r\\n\\t\\t\\t}\\r\\n\\t\\t\\twindow.USYTPlayers.push( {\\r\\n\\t\\t\\t\\tplayerID: \\&quot;youtube-j4c9\\&quot;,\\r\\n\\t\\t\\t\\tvideoID: \\&quot;3jQNdqQXiWs\\&quot;,\\r\\n\\t\\t\\t\\tplayerVars: {\\&quot;origin\\&quot;:\\&quot;https:\\\\\\\/\\\\\\\/www.maden.net\\&quot;,\\&quot;controls\\&quot;:1,\\&quot;autoplay\\&quot;:1,\\&quot;playlist\\&quot;:\\&quot;3jQNdqQXiWs\\&quot;}\\t\\t\\t\\r\\n\\t\\t\\t} );\\r\\n\\t\\t\\tif ( window.USYTInited === undefined ) {\\r\\n\\t\\t\\t\\t\\\/\\\/ Trying to override other possible WP YT API calls if our element is used\\r\\n\\t\\t\\t\\twindow.USYTInited = true;\\r\\n\\t\\t\\t\\twindow.onYouTubePlayerAPIReady = function() {\\r\\n\\t\\t\\t\\t\\tfor ( var i in window.USYTPlayers ) {\\r\\n\\t\\t\\t\\t\\t\\tvar _playerParams = window.USYTPlayers[ i ];\\r\\n\\t\\t\\t\\t\\t\\t$us.YTPlayers[ _playerParams.playerID ] = new YT.Player( _playerParams.playerID, {\\r\\n\\t\\t\\t\\t\\t\\t\\tvideoId: _playerParams.videoID,\\r\\n\\t\\t\\t\\t\\t\\t\\tplayerVars: _playerParams.playerVars\\r\\n\\t\\t\\t\\t\\t\\t} );\\r\\n\\t\\t\\t\\t\\t}\\r\\n\\t\\t\\t\\t}\\r\\n\\t\\t\\t}\\r\\n\\t\\t\\tif ( !! window.YT ) {\\r\\n\\t\\t\\t\\t$us.YTPlayers[\\&quot;youtube-j4c9\\&quot;] = new YT.Player( \\&quot;youtube-j4c9\\&quot;, {\\r\\n\\t\\t\\t\\t\\tvideoId: \\&quot;3jQNdqQXiWs\\&quot;,\\r\\n\\t\\t\\t\\t\\tplayerVars: {\\&quot;origin\\&quot;:\\&quot;https:\\\\\\\/\\\\\\\/www.maden.net\\&quot;,\\&quot;controls\\&quot;:1,\\&quot;autoplay\\&quot;:1,\\&quot;playlist\\&quot;:\\&quot;3jQNdqQXiWs\\&quot;}\\r\\n\\t\\t\\t\\t} );\\r\\n\\t\\t\\t}\\r\\n\\t\\t&lt;\\\/script&gt;&quot;}\"><div class=\"w-video-h\"><\/div><div class=\"w-video-icon\" style=\"font-size:1.5rem;background:var(--color-content-secondary);color:var(--color-content-primary)\"><\/div><\/div><div class=\"w-separator size_medium\"><\/div><div class=\"wpb_text_column\"><div class=\"wpb_wrapper\"><h4 style=\"text-align: center;\">Film d&rsquo;introduction<\/h4>\n<\/div><\/div><\/div><\/div><\/div><\/div><\/div><\/div><\/div><\/div><\/div><\/section>\n","protected":false},"excerpt":{"rendered":"MADEN MACHINERY poursuit ses activit\u00e9s dans le secteur des machines de concassage et de criblage de pierres avec ses 25 ans de connaissances et d&rsquo;exp\u00e9rience. Notre objectif est de faire de notre entreprise l&rsquo;une des entreprises leaders du secteur. MADEN MACHINERY, qui est au service de ses clients dans toutes ses activit\u00e9s de conception de...","protected":false},"author":1,"featured_media":0,"parent":0,"menu_order":0,"comment_status":"closed","ping_status":"closed","template":"","meta":{"footnotes":""},"class_list":["post-13869","page","type-page","status-publish","hentry"],"yoast_head":"<!-- This site is optimized with the Yoast SEO plugin v20.0 - https:\/\/yoast.com\/wordpress\/plugins\/seo\/ -->\n<title>\u00c0 PROPOS DE NOUS - Maden Crushing &amp; Screening<\/title>\n<meta name=\"robots\" content=\"index, follow, max-snippet:-1, max-image-preview:large, max-video-preview:-1\" \/>\n<link rel=\"canonical\" href=\"https:\/\/www.maden.net\/fr\/a-propos-de-nous\/\" \/>\n<meta property=\"og:locale\" content=\"fr_FR\" \/>\n<meta property=\"og:type\" content=\"article\" \/>\n<meta property=\"og:title\" content=\"\u00c0 PROPOS DE NOUS - Maden Crushing &amp; Screening\" \/>\n<meta property=\"og:url\" content=\"https:\/\/www.maden.net\/fr\/a-propos-de-nous\/\" \/>\n<meta property=\"og:site_name\" content=\"Maden Crushing &amp; Screening\" \/>\n<meta property=\"article:publisher\" content=\"https:\/\/www.facebook.com\/madenmachinery\/\" \/>\n<meta property=\"article:modified_time\" content=\"2022-06-18T13:24:10+00:00\" \/>\n<meta name=\"twitter:card\" content=\"summary_large_image\" \/>\n<meta name=\"twitter:label1\" content=\"Dur\u00e9e de lecture estim\u00e9e\" \/>\n\t<meta name=\"twitter:data1\" content=\"2 minutes\" \/>\n<script type=\"application\/ld+json\" class=\"yoast-schema-graph\">{\"@context\":\"https:\/\/schema.org\",\"@graph\":[{\"@type\":\"WebPage\",\"@id\":\"https:\/\/www.maden.net\/fr\/a-propos-de-nous\/\",\"url\":\"https:\/\/www.maden.net\/fr\/a-propos-de-nous\/\",\"name\":\"\u00c0 PROPOS DE NOUS - Maden Crushing &amp; Screening\",\"isPartOf\":{\"@id\":\"https:\/\/www.maden.net\/#website\"},\"datePublished\":\"2021-06-11T13:23:47+00:00\",\"dateModified\":\"2022-06-18T13:24:10+00:00\",\"breadcrumb\":{\"@id\":\"https:\/\/www.maden.net\/fr\/a-propos-de-nous\/#breadcrumb\"},\"inLanguage\":\"fr-FR\",\"potentialAction\":[{\"@type\":\"ReadAction\",\"target\":[\"https:\/\/www.maden.net\/fr\/a-propos-de-nous\/\"]}]},{\"@type\":\"BreadcrumbList\",\"@id\":\"https:\/\/www.maden.net\/fr\/a-propos-de-nous\/#breadcrumb\",\"itemListElement\":[{\"@type\":\"ListItem\",\"position\":1,\"name\":\"Anasayfa\",\"item\":\"https:\/\/www.maden.net\/fr\/\"},{\"@type\":\"ListItem\",\"position\":2,\"name\":\"\u00c0 PROPOS DE NOUS\"}]},{\"@type\":\"WebSite\",\"@id\":\"https:\/\/www.maden.net\/#website\",\"url\":\"https:\/\/www.maden.net\/\",\"name\":\"Maden Machinery Crushing & Screening\",\"description\":\"\",\"publisher\":{\"@id\":\"https:\/\/www.maden.net\/#organization\"},\"potentialAction\":[{\"@type\":\"SearchAction\",\"target\":{\"@type\":\"EntryPoint\",\"urlTemplate\":\"https:\/\/www.maden.net\/?s={search_term_string}\"},\"query-input\":\"required name=search_term_string\"}],\"inLanguage\":\"fr-FR\"},{\"@type\":\"Organization\",\"@id\":\"https:\/\/www.maden.net\/#organization\",\"name\":\"Maden Machinery Crushing & Screening\",\"url\":\"https:\/\/www.maden.net\/\",\"logo\":{\"@type\":\"ImageObject\",\"inLanguage\":\"fr-FR\",\"@id\":\"https:\/\/www.maden.net\/#\/schema\/logo\/image\/\",\"url\":\"https:\/\/www.maden.net\/wp-content\/uploads\/2021\/07\/maden-en-logo-r.png\",\"contentUrl\":\"https:\/\/www.maden.net\/wp-content\/uploads\/2021\/07\/maden-en-logo-r.png\",\"width\":533,\"height\":304,\"caption\":\"Maden Machinery Crushing & Screening\"},\"image\":{\"@id\":\"https:\/\/www.maden.net\/#\/schema\/logo\/image\/\"},\"sameAs\":[\"https:\/\/www.instagram.com\/madenmachinery\/\",\"https:\/\/www.youtube.com\/@madenmachinery6909\",\"https:\/\/www.facebook.com\/madenmachinery\/\"]}]}<\/script>\n<!-- \/ Yoast SEO plugin. -->","yoast_head_json":{"title":"\u00c0 PROPOS DE NOUS - Maden Crushing &amp; Screening","robots":{"index":"index","follow":"follow","max-snippet":"max-snippet:-1","max-image-preview":"max-image-preview:large","max-video-preview":"max-video-preview:-1"},"canonical":"https:\/\/www.maden.net\/fr\/a-propos-de-nous\/","og_locale":"fr_FR","og_type":"article","og_title":"\u00c0 PROPOS DE NOUS - Maden Crushing &amp; Screening","og_url":"https:\/\/www.maden.net\/fr\/a-propos-de-nous\/","og_site_name":"Maden Crushing &amp; Screening","article_publisher":"https:\/\/www.facebook.com\/madenmachinery\/","article_modified_time":"2022-06-18T13:24:10+00:00","twitter_card":"summary_large_image","twitter_misc":{"Dur\u00e9e de lecture estim\u00e9e":"2 minutes"},"schema":{"@context":"https:\/\/schema.org","@graph":[{"@type":"WebPage","@id":"https:\/\/www.maden.net\/fr\/a-propos-de-nous\/","url":"https:\/\/www.maden.net\/fr\/a-propos-de-nous\/","name":"\u00c0 PROPOS DE NOUS - Maden Crushing &amp; Screening","isPartOf":{"@id":"https:\/\/www.maden.net\/#website"},"datePublished":"2021-06-11T13:23:47+00:00","dateModified":"2022-06-18T13:24:10+00:00","breadcrumb":{"@id":"https:\/\/www.maden.net\/fr\/a-propos-de-nous\/#breadcrumb"},"inLanguage":"fr-FR","potentialAction":[{"@type":"ReadAction","target":["https:\/\/www.maden.net\/fr\/a-propos-de-nous\/"]}]},{"@type":"BreadcrumbList","@id":"https:\/\/www.maden.net\/fr\/a-propos-de-nous\/#breadcrumb","itemListElement":[{"@type":"ListItem","position":1,"name":"Anasayfa","item":"https:\/\/www.maden.net\/fr\/"},{"@type":"ListItem","position":2,"name":"\u00c0 PROPOS DE NOUS"}]},{"@type":"WebSite","@id":"https:\/\/www.maden.net\/#website","url":"https:\/\/www.maden.net\/","name":"Maden Machinery Crushing & Screening","description":"","publisher":{"@id":"https:\/\/www.maden.net\/#organization"},"potentialAction":[{"@type":"SearchAction","target":{"@type":"EntryPoint","urlTemplate":"https:\/\/www.maden.net\/?s={search_term_string}"},"query-input":"required name=search_term_string"}],"inLanguage":"fr-FR"},{"@type":"Organization","@id":"https:\/\/www.maden.net\/#organization","name":"Maden Machinery Crushing & Screening","url":"https:\/\/www.maden.net\/","logo":{"@type":"ImageObject","inLanguage":"fr-FR","@id":"https:\/\/www.maden.net\/#\/schema\/logo\/image\/","url":"https:\/\/www.maden.net\/wp-content\/uploads\/2021\/07\/maden-en-logo-r.png","contentUrl":"https:\/\/www.maden.net\/wp-content\/uploads\/2021\/07\/maden-en-logo-r.png","width":533,"height":304,"caption":"Maden Machinery Crushing & Screening"},"image":{"@id":"https:\/\/www.maden.net\/#\/schema\/logo\/image\/"},"sameAs":["https:\/\/www.instagram.com\/madenmachinery\/","https:\/\/www.youtube.com\/@madenmachinery6909","https:\/\/www.facebook.com\/madenmachinery\/"]}]}},"_links":{"self":[{"href":"https:\/\/www.maden.net\/fr\/wp-json\/wp\/v2\/pages\/13869","targetHints":{"allow":["GET"]}}],"collection":[{"href":"https:\/\/www.maden.net\/fr\/wp-json\/wp\/v2\/pages"}],"about":[{"href":"https:\/\/www.maden.net\/fr\/wp-json\/wp\/v2\/types\/page"}],"author":[{"embeddable":true,"href":"https:\/\/www.maden.net\/fr\/wp-json\/wp\/v2\/users\/1"}],"replies":[{"embeddable":true,"href":"https:\/\/www.maden.net\/fr\/wp-json\/wp\/v2\/comments?post=13869"}],"version-history":[{"count":1,"href":"https:\/\/www.maden.net\/fr\/wp-json\/wp\/v2\/pages\/13869\/revisions"}],"predecessor-version":[{"id":13873,"href":"https:\/\/www.maden.net\/fr\/wp-json\/wp\/v2\/pages\/13869\/revisions\/13873"}],"wp:attachment":[{"href":"https:\/\/www.maden.net\/fr\/wp-json\/wp\/v2\/media?parent=13869"}],"curies":[{"name":"wp","href":"https:\/\/api.w.org\/{rel}","templated":true}]}}