{"id":13964,"date":"2021-06-11T14:39:22","date_gmt":"2021-06-11T11:39:22","guid":{"rendered":"https:\/\/www.maden.net\/ceneli-kiricilar\/"},"modified":"2022-11-02T08:36:28","modified_gmt":"2022-11-02T05:36:28","slug":"concasseurs-a-machoires","status":"publish","type":"page","link":"https:\/\/www.maden.net\/fr\/concasseurs-a-machoires\/","title":{"rendered":"CONCASSEURS \u00c0 M\u00c2CHOIRES"},"content":{"rendered":"<section class=\"l-section wpb_row height_custom\" id=\"01\"><div class=\"l-section-h i-cf\"><div class=\"g-cols vc_row via_flex valign_top type_default stacking_default\"><div class=\"vc_col-sm-12 wpb_column vc_column_container\"><div class=\"vc_column-inner\"><div class=\"wpb_wrapper\"><h2 class=\"w-post-elm post_title align_center entry-title color_link_inherit\">CONCASSEURS \u00c0 M\u00c2CHOIRES<\/h2><div class=\"w-separator size_custom with_line width_30 thick_4 style_solid color_primary align_center\" style=\"height:\"><div class=\"w-separator-h\"><\/div><\/div><div class=\"w-separator size_medium\"><\/div><div class=\"wpb_text_column\"><div class=\"wpb_wrapper\"><p>Les concasseurs \u00e0 m\u00e2choires sont utilis\u00e9s comme l&rsquo;option la plus importante, en particulier pour le concassage primaire de pierres moyennement dures et dures. Il existe \u00e9galement des concasseurs \u00e0 m\u00e2choires de type secondaire con\u00e7us pour le concassage secondaire de mat\u00e9riaux durs.<\/p>\n<ul>\n<li>L&rsquo;arbre excentrique m\u00e9canique pour concasseur \u00e0 m\u00e2choires est en acier sp\u00e9cial (Mn. Cr. Ni. Mo. )<\/li>\n<li>Syst\u00e8me de r\u00e9glage hydraulique des m\u00e2choires<\/li>\n<li>Traitement thermique apr\u00e8s soudage<\/li>\n<li>Plaques de m\u00e2choire en fonte r\u00e9sistante \u00e0 l&rsquo;usure<\/li>\n<li>Syst\u00e8me de lubrification automatique<\/li>\n<li>Lits en acier moul\u00e9 \u00e0 usage intensif<\/li>\n<li>Roulements \u00e0 usage intensif<\/li>\n<\/ul>\n<\/div><\/div><\/div><\/div><\/div><\/div><\/div><\/section><section class=\"l-section wpb_row height_custom\" id=\"02\"><div class=\"l-section-overlay\" style=\"background:var(--color-alt-content-overlay)\"><\/div><div class=\"l-section-h i-cf\"><div class=\"g-cols vc_row via_flex valign_top type_default stacking_default\"><div class=\"vc_col-sm-12 wpb_column vc_column_container\"><div class=\"vc_column-inner\"><div class=\"wpb_wrapper\"><div class=\"wpb_text_column\"><div class=\"wpb_wrapper\"><h2 style=\"text-align: center;\">SP\u00c9CIFICATIONS TECHNIQUES<\/h2>\n<\/div><\/div><div class=\"w-separator size_custom with_line width_30 thick_4 style_solid color_primary align_center\" style=\"height:\"><div class=\"w-separator-h\"><\/div><\/div><div class=\"w-separator size_medium\"><\/div><div class=\"wpb_text_column ozelliktablo\"><div class=\"wpb_wrapper\"><table>\n<thead>\n<tr>\n<th>MODELE<\/th>\n<th>TYPE<\/th>\n<th>DIMENSIONS DE L&rsquo;ORIFICE D&rsquo;ALIMENTATION (mm)<\/th>\n<th>PLAGE DE R\u00c9GLAGE DE LA M\u00c2CHOIRE (mm)<\/th>\n<th>PUISSANCE DU MOTEUR (kW)<\/th>\n<th><\/th>\n<\/tr>\n<\/thead>\n<tbody>\n<tr>\n<td>CK-75<\/td>\n<td>PRIMAIRE<\/td>\n<td>750&#215;550<\/td>\n<td>25&#215;125<\/td>\n<td>55<\/td>\n<td><\/td>\n<\/tr>\n<tr>\n<td>CK-90<\/td>\n<td>PRIMAIRE<\/td>\n<td>900\u00d7650<\/td>\n<td>50-150<\/td>\n<td>75<\/td>\n<td><\/td>\n<\/tr>\n<tr>\n<td>CK-110<\/td>\n<td>PRIMAIRE<\/td>\n<td>1100\u00d7850<\/td>\n<td>75-175<\/td>\n<td>132<\/td>\n<td><\/td>\n<\/tr>\n<tr>\n<td>CK-130<\/td>\n<td>PRIMAIRE<\/td>\n<td>1300\u00d71000<\/td>\n<td>100-250<\/td>\n<td>160<\/td>\n<td><\/td>\n<\/tr>\n<tr>\n<td>CK-150<\/td>\n<td>PRIMAIRE<\/td>\n<td>1500\u00d71150<\/td>\n<td>125-300<\/td>\n<td>185<\/td>\n<td><\/td>\n<\/tr>\n<tr>\n<td>CK-175<\/td>\n<td>PRIMAIRE<\/td>\n<td>1750&#215;1300<\/td>\n<td>150&#215;350<\/td>\n<td>200<\/td>\n<td><\/td>\n<\/tr>\n<tr>\n<td>CK-200<\/td>\n<td>PRIMAIRE<\/td>\n<td>2000&#215;1450<\/td>\n<td>175&#215;400<\/td>\n<td>250<\/td>\n<td><\/td>\n<\/tr>\n<tr>\n<td>CKS-90<\/td>\n<td>SECONDAIRE<\/td>\n<td>900\u00d7200<\/td>\n<td>25-75<\/td>\n<td>30<\/td>\n<td><\/td>\n<\/tr>\n<tr>\n<td>CKS-110<\/td>\n<td>SECONDAIRE<\/td>\n<td>1100\u00d7350<\/td>\n<td>25-100<\/td>\n<td>55<\/td>\n<td><\/td>\n<\/tr>\n<\/tbody>\n<\/table>\n<\/div><\/div><div class=\"w-separator size_medium\"><\/div><div class=\"wpb_text_column\"><div class=\"wpb_wrapper\"><h2 style=\"text-align: center;\">DIMENSIONS<\/h2>\n<\/div><\/div><div class=\"w-separator size_custom with_line width_30 thick_4 style_solid color_primary align_center\" style=\"height:\"><div class=\"w-separator-h\"><\/div><\/div><div class=\"w-separator size_medium\"><\/div><div class=\"g-cols wpb_row via_flex valign_middle type_default stacking_default\"><div class=\"vc_col-sm-2 wpb_column vc_column_container\"><div class=\"vc_column-inner\"><div class=\"wpb_wrapper\"><\/div><\/div><\/div><div class=\"vc_col-sm-8 wpb_column vc_column_container\"><div class=\"vc_column-inner\"><div class=\"wpb_wrapper\"><div class=\"w-image us_custom_93db7e53 align_center\"><a href=\"https:\/\/www.maden.net\/wp-content\/uploads\/2021\/06\/ceneli-kirici-olcu.jpg\" ref=\"magnificPopup\" aria-label=\"Lien\" class=\"w-image-h\"><img loading=\"lazy\" decoding=\"async\" width=\"844\" height=\"504\" src=\"https:\/\/www.maden.net\/wp-content\/uploads\/2021\/06\/ceneli-kirici-olcu.jpg\" class=\"attachment-full size-full\" alt=\"\" srcset=\"https:\/\/www.maden.net\/wp-content\/uploads\/2021\/06\/ceneli-kirici-olcu.jpg 844w, https:\/\/www.maden.net\/wp-content\/uploads\/2021\/06\/ceneli-kirici-olcu-300x179.jpg 300w, https:\/\/www.maden.net\/wp-content\/uploads\/2021\/06\/ceneli-kirici-olcu-100x60.jpg 100w\" sizes=\"auto, (max-width: 844px) 100vw, 844px\" \/><\/a><\/div><\/div><\/div><\/div><div class=\"vc_col-sm-2 wpb_column vc_column_container\"><div class=\"vc_column-inner\"><div class=\"wpb_wrapper\"><\/div><\/div><\/div><\/div><div class=\"w-separator size_medium\"><\/div><div class=\"wpb_text_column ozelliktablo\"><div class=\"wpb_wrapper\"><table>\n<thead>\n<tr>\n<th>MODELE<\/th>\n<th>A<\/th>\n<th>B<\/th>\n<th>C<\/th>\n<th>D<\/th>\n<th>E<\/th>\n<th>F<\/th>\n<th>G<\/th>\n<th>H<\/th>\n<th>I<\/th>\n<\/tr>\n<\/thead>\n<tbody>\n<tr>\n<td>CK-75<\/td>\n<td>1930<\/td>\n<td>2660<\/td>\n<td>2035<\/td>\n<td>1860<\/td>\n<td>740<\/td>\n<td>220<\/td>\n<td>1375<\/td>\n<td>1010<\/td>\n<td>1485<\/td>\n<\/tr>\n<tr>\n<td>CK-90<\/td>\n<td>2250<\/td>\n<td>2155<\/td>\n<td>1330<\/td>\n<td>2065<\/td>\n<td>900<\/td>\n<td>650<\/td>\n<td>1330<\/td>\n<td>1210<\/td>\n<td>1360<\/td>\n<\/tr>\n<tr>\n<td>CK-110<\/td>\n<td>3115<\/td>\n<td>3350<\/td>\n<td>2030<\/td>\n<td>2480<\/td>\n<td>1100<\/td>\n<td>850<\/td>\n<td>2240<\/td>\n<td>1600<\/td>\n<td>1940<\/td>\n<\/tr>\n<tr>\n<td>CK-130<\/td>\n<td>3500<\/td>\n<td>3865<\/td>\n<td>2725<\/td>\n<td>2770<\/td>\n<td>1300<\/td>\n<td>1000<\/td>\n<td>2685<\/td>\n<td>1800<\/td>\n<td>2520<\/td>\n<\/tr>\n<tr>\n<td>CK-150<\/td>\n<td>3845<\/td>\n<td>4065<\/td>\n<td>3100<\/td>\n<td>3000<\/td>\n<td>1500<\/td>\n<td>1150<\/td>\n<td>3030<\/td>\n<td>1800<\/td>\n<td>2720<\/td>\n<\/tr>\n<tr>\n<td>CK-175<\/td>\n<td>4100<\/td>\n<td>4265<\/td>\n<td>3350<\/td>\n<td>3260<\/td>\n<td>1700<\/td>\n<td>1260<\/td>\n<td>3440<\/td>\n<td>2000<\/td>\n<td>2920<\/td>\n<\/tr>\n<tr>\n<td>CK-200<\/td>\n<td>4500<\/td>\n<td>4465<\/td>\n<td>3640<\/td>\n<td>3570<\/td>\n<td>1900<\/td>\n<td>1345<\/td>\n<td>3790<\/td>\n<td>2000<\/td>\n<td>3150<\/td>\n<\/tr>\n<tr>\n<td>CKS-90<\/td>\n<td>1930<\/td>\n<td>2220<\/td>\n<td>1460<\/td>\n<td>2000<\/td>\n<td>1500<\/td>\n<td>200<\/td>\n<td>1250<\/td>\n<td>1210<\/td>\n<td>1065<\/td>\n<\/tr>\n<tr>\n<td>CKS-110<\/td>\n<td>2700<\/td>\n<td>3050<\/td>\n<td>1160<\/td>\n<td>2480<\/td>\n<td>1100<\/td>\n<td>350<\/td>\n<td>1830<\/td>\n<td>1600<\/td>\n<td>1630<\/td>\n<\/tr>\n<\/tbody>\n<\/table>\n<\/div><\/div><\/div><\/div><\/div><\/div><\/div><\/section><section class=\"l-section wpb_row height_custom\" id=\"06\"><div class=\"l-section-h i-cf\"><div class=\"g-cols vc_row via_flex valign_top type_default stacking_default\"><div class=\"vc_col-sm-12 wpb_column vc_column_container\"><div class=\"vc_column-inner\"><div class=\"wpb_wrapper\"><div class=\"wpb_text_column\"><div class=\"wpb_wrapper\"><h2 style=\"text-align: center;\">Vision \u00e0 360\u00b0<\/h2>\n<\/div><\/div><div class=\"w-separator size_custom with_line width_30 thick_4 style_solid color_primary align_center\" style=\"height:\"><div class=\"w-separator-h\"><\/div><\/div><div class=\"w-separator size_medium\"><\/div><div class=\"wpb_text_column\"><div class=\"wpb_wrapper\"><div data-total-frames=\"16\" data-main-image-url=\"https:\/\/www.maden.net\/wp-content\/uploads\/2022\/06\/yceneli-kirici-01.jpg\" data-image-url-format=\"yceneli-kirici-xx.jpg\" data-speed=\"90\" data-inertia=\"12\" data-zoom=\"false\" data-reverse=\"true\" data-auto-rotate=\"1\" data-notification-config_drag-to-rotate_show-start-to-rotate-default-notification=\"true\" data-main-holder-id=\"jsv-holder-rpldjxzfnv\" data-main-image-id=\"jsv-img-cfgpkthvdy\" id=\"jsv-holder-rpldjxzfnv\" class=\"jsv-holder\" ><img decoding=\"async\" id=\"jsv-img-cfgpkthvdy\" alt=\"your 360 images\" src=\"https:\/\/www.maden.net\/wp-content\/uploads\/2022\/06\/yceneli-kirici-01.jpg\"><\/div>\n<\/div><\/div><\/div><\/div><\/div><\/div><\/div><\/section><section class=\"l-section wpb_row height_custom\" id=\"03\"><div class=\"l-section-h i-cf\"><div class=\"g-cols vc_row via_flex valign_top type_default stacking_default\"><div class=\"vc_col-sm-12 wpb_column vc_column_container\"><div class=\"vc_column-inner\"><div class=\"wpb_wrapper\"><div class=\"wpb_text_column\"><div class=\"wpb_wrapper\"><h2 style=\"text-align: center;\">GALERIE DE PRODUITS<\/h2>\n<\/div><\/div><div class=\"w-separator size_custom with_line width_30 thick_4 style_solid color_primary align_center\" style=\"height:\"><div class=\"w-separator-h\"><\/div><\/div><div class=\"w-separator size_medium\"><\/div><div class=\"w-grid type_carousel layout_7918 cols_3\" id=\"us_grid_1\"><style>#us_grid_1 .w-grid-item{padding:5px}#us_grid_1 .w-grid-list{margin:-5px}.w-grid + #us_grid_1 .w-grid-list,.w-grid-none + #us_grid_1 .w-grid-list{margin-top:5px}.layout_7918 .w-grid-item-h{}.layout_7918 .usg_post_image_1{transition-duration:0.3s;transform-origin:50% 50%;transform:scale(1) translate(0%,0%)}.layout_7918 .w-grid-item-h:hover .usg_post_image_1{transform:scale(1) translate(0%,0%);opacity:1;border-color:var(--color-content-primary)!important}.layout_7918 .usg_post_image_1{border:3px solid #ffffff!important}<\/style><div class=\"w-grid-list owl-carousel navstyle_circle navpos_outside with_dots\" style=\"--arrows-size:1.8rem;\">\t<article class=\"w-grid-item post-11313 attachment type-attachment status-inherit hentry\" data-id=\"11313\">\r\n\t\t<div class=\"w-grid-item-h\">\r\n\t\t\t\t\t\t\t<a class=\"w-grid-item-anchor\" href=\"https:\/\/www.maden.net\/wp-content\/uploads\/2022\/02\/ceneli-kiricilar-05.jpg\" ref=\"magnificPopupGrid\" title=\"ceneli-kiricilar-05\"><\/a>\r\n\t\t\t\t\t\t<div class=\"w-post-elm post_image usg_post_image_1 has_ratio\"><div style=\"padding-bottom:75%\"><\/div><a href=\"https:\/\/www.maden.net\/fr\/concasseurs-a-machoires\/ceneli-kiricilar-05-2\/\" aria-label=\"ceneli-kiricilar-05\"><img loading=\"lazy\" decoding=\"async\" width=\"1200\" height=\"900\" src=\"https:\/\/www.maden.net\/wp-content\/uploads\/2022\/02\/ceneli-kiricilar-05.jpg\" class=\"attachment- size-\" alt=\"\" srcset=\"https:\/\/www.maden.net\/wp-content\/uploads\/2022\/02\/ceneli-kiricilar-05.jpg 1200w, https:\/\/www.maden.net\/wp-content\/uploads\/2022\/02\/ceneli-kiricilar-05-300x225.jpg 300w, https:\/\/www.maden.net\/wp-content\/uploads\/2022\/02\/ceneli-kiricilar-05-1024x768.jpg 1024w\" sizes=\"auto, (max-width: 1200px) 100vw, 1200px\" \/><\/a><\/div>\t\t<\/div>\r\n\t<\/article>\r\n\t<article class=\"w-grid-item post-11309 attachment type-attachment status-inherit hentry\" data-id=\"11309\">\r\n\t\t<div class=\"w-grid-item-h\">\r\n\t\t\t\t\t\t\t<a class=\"w-grid-item-anchor\" href=\"https:\/\/www.maden.net\/wp-content\/uploads\/2022\/02\/ceneli-kiricilar-04.jpg\" ref=\"magnificPopupGrid\" title=\"ceneli-kiricilar-04\"><\/a>\r\n\t\t\t\t\t\t<div class=\"w-post-elm post_image usg_post_image_1 has_ratio\"><div style=\"padding-bottom:75%\"><\/div><a href=\"https:\/\/www.maden.net\/fr\/concasseurs-a-machoires\/ceneli-kiricilar-04-2\/\" aria-label=\"ceneli-kiricilar-04\"><img loading=\"lazy\" decoding=\"async\" width=\"1200\" height=\"900\" src=\"https:\/\/www.maden.net\/wp-content\/uploads\/2022\/02\/ceneli-kiricilar-04.jpg\" class=\"attachment- size-\" alt=\"\" srcset=\"https:\/\/www.maden.net\/wp-content\/uploads\/2022\/02\/ceneli-kiricilar-04.jpg 1200w, https:\/\/www.maden.net\/wp-content\/uploads\/2022\/02\/ceneli-kiricilar-04-300x225.jpg 300w, https:\/\/www.maden.net\/wp-content\/uploads\/2022\/02\/ceneli-kiricilar-04-1024x768.jpg 1024w\" sizes=\"auto, (max-width: 1200px) 100vw, 1200px\" \/><\/a><\/div>\t\t<\/div>\r\n\t<\/article>\r\n\t<article class=\"w-grid-item post-11305 attachment type-attachment status-inherit hentry\" data-id=\"11305\">\r\n\t\t<div class=\"w-grid-item-h\">\r\n\t\t\t\t\t\t\t<a class=\"w-grid-item-anchor\" href=\"https:\/\/www.maden.net\/wp-content\/uploads\/2022\/02\/ceneli-kiricilar-03.jpg\" ref=\"magnificPopupGrid\" title=\"ceneli-kiricilar-03\"><\/a>\r\n\t\t\t\t\t\t<div class=\"w-post-elm post_image usg_post_image_1 has_ratio\"><div style=\"padding-bottom:75%\"><\/div><a href=\"https:\/\/www.maden.net\/fr\/concasseurs-a-machoires\/ceneli-kiricilar-03-2\/\" aria-label=\"ceneli-kiricilar-03\"><img loading=\"lazy\" decoding=\"async\" width=\"1200\" height=\"900\" src=\"https:\/\/www.maden.net\/wp-content\/uploads\/2022\/02\/ceneli-kiricilar-03.jpg\" class=\"attachment- size-\" alt=\"\" srcset=\"https:\/\/www.maden.net\/wp-content\/uploads\/2022\/02\/ceneli-kiricilar-03.jpg 1200w, https:\/\/www.maden.net\/wp-content\/uploads\/2022\/02\/ceneli-kiricilar-03-300x225.jpg 300w, https:\/\/www.maden.net\/wp-content\/uploads\/2022\/02\/ceneli-kiricilar-03-1024x768.jpg 1024w\" sizes=\"auto, (max-width: 1200px) 100vw, 1200px\" \/><\/a><\/div>\t\t<\/div>\r\n\t<\/article>\r\n\t<article class=\"w-grid-item post-11301 attachment type-attachment status-inherit hentry\" data-id=\"11301\">\r\n\t\t<div class=\"w-grid-item-h\">\r\n\t\t\t\t\t\t\t<a class=\"w-grid-item-anchor\" href=\"https:\/\/www.maden.net\/wp-content\/uploads\/2022\/02\/ceneli-kiricilar-02.jpg\" ref=\"magnificPopupGrid\" title=\"ceneli-kiricilar-02\"><\/a>\r\n\t\t\t\t\t\t<div class=\"w-post-elm post_image usg_post_image_1 has_ratio\"><div style=\"padding-bottom:75%\"><\/div><a href=\"https:\/\/www.maden.net\/fr\/concasseurs-a-machoires\/ceneli-kiricilar-02-2\/\" aria-label=\"ceneli-kiricilar-02\"><img loading=\"lazy\" decoding=\"async\" width=\"1200\" height=\"900\" src=\"https:\/\/www.maden.net\/wp-content\/uploads\/2022\/02\/ceneli-kiricilar-02.jpg\" class=\"attachment- size-\" alt=\"\" srcset=\"https:\/\/www.maden.net\/wp-content\/uploads\/2022\/02\/ceneli-kiricilar-02.jpg 1200w, https:\/\/www.maden.net\/wp-content\/uploads\/2022\/02\/ceneli-kiricilar-02-300x225.jpg 300w, https:\/\/www.maden.net\/wp-content\/uploads\/2022\/02\/ceneli-kiricilar-02-1024x768.jpg 1024w\" sizes=\"auto, (max-width: 1200px) 100vw, 1200px\" \/><\/a><\/div>\t\t<\/div>\r\n\t<\/article>\r\n\t<article class=\"w-grid-item post-11297 attachment type-attachment status-inherit hentry\" data-id=\"11297\">\r\n\t\t<div class=\"w-grid-item-h\">\r\n\t\t\t\t\t\t\t<a class=\"w-grid-item-anchor\" href=\"https:\/\/www.maden.net\/wp-content\/uploads\/2022\/02\/ceneli-kiricilar-01.jpg\" ref=\"magnificPopupGrid\" title=\"ceneli-kiricilar-01\"><\/a>\r\n\t\t\t\t\t\t<div class=\"w-post-elm post_image usg_post_image_1 has_ratio\"><div style=\"padding-bottom:75%\"><\/div><a href=\"https:\/\/www.maden.net\/fr\/concasseurs-a-machoires\/ceneli-kiricilar-01-2\/\" aria-label=\"ceneli-kiricilar-01\"><img loading=\"lazy\" decoding=\"async\" width=\"1200\" height=\"900\" src=\"https:\/\/www.maden.net\/wp-content\/uploads\/2022\/02\/ceneli-kiricilar-01.jpg\" class=\"attachment- size-\" alt=\"\" srcset=\"https:\/\/www.maden.net\/wp-content\/uploads\/2022\/02\/ceneli-kiricilar-01.jpg 1200w, https:\/\/www.maden.net\/wp-content\/uploads\/2022\/02\/ceneli-kiricilar-01-300x225.jpg 300w, https:\/\/www.maden.net\/wp-content\/uploads\/2022\/02\/ceneli-kiricilar-01-1024x768.jpg 1024w\" sizes=\"auto, (max-width: 1200px) 100vw, 1200px\" \/><\/a><\/div>\t\t<\/div>\r\n\t<\/article>\r\n<\/div><div class=\"g-preloader type_4\">\r\n\t<div><\/div>\r\n<\/div>\r\n\t<div class=\"w-grid-json hidden\" onclick='return {&quot;action&quot;:&quot;us_ajax_grid&quot;,&quot;ajax_url&quot;:&quot;https:\\\/\\\/www.maden.net\\\/wp-admin\\\/admin-ajax.php&quot;,&quot;infinite_scroll&quot;:0,&quot;max_num_pages&quot;:1,&quot;pagination&quot;:&quot;none&quot;,&quot;permalink_url&quot;:&quot;https:\\\/\\\/www.maden.net\\\/fr\\\/wp-json\\\/wp\\\/v2\\\/pages\\\/13964\\\/&quot;,&quot;template_vars&quot;:{&quot;columns&quot;:&quot;3&quot;,&quot;exclude_items&quot;:&quot;none&quot;,&quot;img_size&quot;:&quot;default&quot;,&quot;ignore_items_size&quot;:0,&quot;items_layout&quot;:&quot;7918&quot;,&quot;items_offset&quot;:&quot;1&quot;,&quot;load_animation&quot;:&quot;none&quot;,&quot;overriding_link&quot;:&quot;popup_post_image&quot;,&quot;post_id&quot;:13964,&quot;query_args&quot;:{&quot;post_type&quot;:[&quot;attachment&quot;],&quot;post__in&quot;:[&quot;8733&quot;,&quot;8734&quot;,&quot;8735&quot;,&quot;8736&quot;,&quot;8737&quot;],&quot;post_status&quot;:&quot;inherit&quot;,&quot;post_mime_type&quot;:&quot;image&quot;,&quot;posts_per_page&quot;:&quot;10&quot;},&quot;orderby_query_args&quot;:{&quot;orderby&quot;:{&quot;date&quot;:&quot;DESC&quot;}},&quot;type&quot;:&quot;carousel&quot;,&quot;us_grid_ajax_index&quot;:1,&quot;us_grid_filter_params&quot;:null,&quot;us_grid_index&quot;:1,&quot;_us_grid_post_type&quot;:&quot;attachment&quot;,&quot;lang&quot;:&quot;fr&quot;},&quot;carousel_settings&quot;:{&quot;autoHeight&quot;:0,&quot;autoplay&quot;:0,&quot;carousel_fade&quot;:0,&quot;center&quot;:0,&quot;dots&quot;:1,&quot;items&quot;:&quot;3&quot;,&quot;loop&quot;:true,&quot;nav&quot;:1,&quot;slideby&quot;:&quot;1&quot;,&quot;smooth_play&quot;:0,&quot;speed&quot;:250,&quot;timeout&quot;:3000,&quot;transition&quot;:&quot;&quot;},&quot;carousel_breakpoints&quot;:{&quot;0&quot;:{&quot;autoHeight&quot;:0,&quot;autoplay&quot;:1,&quot;autoplayHoverPause&quot;:1,&quot;items&quot;:1,&quot;loop&quot;:true,&quot;stagePadding&quot;:0},&quot;600&quot;:{&quot;autoHeight&quot;:0,&quot;autoplay&quot;:1,&quot;autoplayHoverPause&quot;:1,&quot;items&quot;:2,&quot;loop&quot;:true,&quot;stagePadding&quot;:0},&quot;900&quot;:{&quot;autoHeight&quot;:0,&quot;autoplay&quot;:1,&quot;autoplayHoverPause&quot;:1,&quot;items&quot;:3,&quot;loop&quot;:true,&quot;stagePadding&quot;:0},&quot;1200&quot;:{&quot;items&quot;:3,&quot;stagePadding&quot;:0}}}'><\/div>\r\n\t<\/div><\/div><\/div><\/div><\/div><\/div><\/section>\n","protected":false},"excerpt":{"rendered":"","protected":false},"author":1,"featured_media":11381,"parent":0,"menu_order":0,"comment_status":"closed","ping_status":"closed","template":"","meta":{"footnotes":""},"class_list":["post-13964","page","type-page","status-publish","has-post-thumbnail","hentry"],"yoast_head":"<!-- This site is optimized with the Yoast SEO plugin v20.0 - https:\/\/yoast.com\/wordpress\/plugins\/seo\/ -->\n<title>CONCASSEURS \u00c0 M\u00c2CHOIRES - Maden Crushing &amp; Screening<\/title>\n<meta name=\"robots\" content=\"index, follow, max-snippet:-1, max-image-preview:large, max-video-preview:-1\" \/>\n<link rel=\"canonical\" href=\"https:\/\/www.maden.net\/fr\/concasseurs-a-machoires\/\" \/>\n<meta property=\"og:locale\" content=\"fr_FR\" \/>\n<meta property=\"og:type\" content=\"article\" \/>\n<meta property=\"og:title\" content=\"CONCASSEURS \u00c0 M\u00c2CHOIRES - Maden Crushing &amp; Screening\" \/>\n<meta property=\"og:url\" content=\"https:\/\/www.maden.net\/fr\/concasseurs-a-machoires\/\" \/>\n<meta property=\"og:site_name\" content=\"Maden Crushing &amp; Screening\" \/>\n<meta property=\"article:publisher\" content=\"https:\/\/www.facebook.com\/madenmachinery\/\" \/>\n<meta property=\"article:modified_time\" content=\"2022-11-02T05:36:28+00:00\" \/>\n<meta property=\"og:image\" content=\"https:\/\/www.maden.net\/wp-content\/uploads\/2022\/02\/ceneli-kiricilar-kapak.jpg\" \/>\n\t<meta property=\"og:image:width\" content=\"1200\" \/>\n\t<meta property=\"og:image:height\" content=\"900\" \/>\n\t<meta property=\"og:image:type\" content=\"image\/jpeg\" \/>\n<meta name=\"twitter:card\" content=\"summary_large_image\" \/>\n<meta name=\"twitter:label1\" content=\"Dur\u00e9e de lecture estim\u00e9e\" \/>\n\t<meta name=\"twitter:data1\" content=\"2 minutes\" \/>\n<script type=\"application\/ld+json\" class=\"yoast-schema-graph\">{\"@context\":\"https:\/\/schema.org\",\"@graph\":[{\"@type\":\"WebPage\",\"@id\":\"https:\/\/www.maden.net\/fr\/concasseurs-a-machoires\/\",\"url\":\"https:\/\/www.maden.net\/fr\/concasseurs-a-machoires\/\",\"name\":\"CONCASSEURS \u00c0 M\u00c2CHOIRES - Maden Crushing &amp; Screening\",\"isPartOf\":{\"@id\":\"https:\/\/www.maden.net\/#website\"},\"datePublished\":\"2021-06-11T11:39:22+00:00\",\"dateModified\":\"2022-11-02T05:36:28+00:00\",\"breadcrumb\":{\"@id\":\"https:\/\/www.maden.net\/fr\/concasseurs-a-machoires\/#breadcrumb\"},\"inLanguage\":\"fr-FR\",\"potentialAction\":[{\"@type\":\"ReadAction\",\"target\":[\"https:\/\/www.maden.net\/fr\/concasseurs-a-machoires\/\"]}]},{\"@type\":\"BreadcrumbList\",\"@id\":\"https:\/\/www.maden.net\/fr\/concasseurs-a-machoires\/#breadcrumb\",\"itemListElement\":[{\"@type\":\"ListItem\",\"position\":1,\"name\":\"Anasayfa\",\"item\":\"https:\/\/www.maden.net\/fr\/\"},{\"@type\":\"ListItem\",\"position\":2,\"name\":\"CONCASSEURS \u00c0 M\u00c2CHOIRES\"}]},{\"@type\":\"WebSite\",\"@id\":\"https:\/\/www.maden.net\/#website\",\"url\":\"https:\/\/www.maden.net\/\",\"name\":\"Maden Machinery Crushing & Screening\",\"description\":\"\",\"publisher\":{\"@id\":\"https:\/\/www.maden.net\/#organization\"},\"potentialAction\":[{\"@type\":\"SearchAction\",\"target\":{\"@type\":\"EntryPoint\",\"urlTemplate\":\"https:\/\/www.maden.net\/?s={search_term_string}\"},\"query-input\":\"required name=search_term_string\"}],\"inLanguage\":\"fr-FR\"},{\"@type\":\"Organization\",\"@id\":\"https:\/\/www.maden.net\/#organization\",\"name\":\"Maden Machinery Crushing & Screening\",\"url\":\"https:\/\/www.maden.net\/\",\"logo\":{\"@type\":\"ImageObject\",\"inLanguage\":\"fr-FR\",\"@id\":\"https:\/\/www.maden.net\/#\/schema\/logo\/image\/\",\"url\":\"https:\/\/www.maden.net\/wp-content\/uploads\/2021\/07\/maden-en-logo-r.png\",\"contentUrl\":\"https:\/\/www.maden.net\/wp-content\/uploads\/2021\/07\/maden-en-logo-r.png\",\"width\":533,\"height\":304,\"caption\":\"Maden Machinery Crushing & Screening\"},\"image\":{\"@id\":\"https:\/\/www.maden.net\/#\/schema\/logo\/image\/\"},\"sameAs\":[\"https:\/\/www.instagram.com\/madenmachinery\/\",\"https:\/\/www.youtube.com\/@madenmachinery6909\",\"https:\/\/www.facebook.com\/madenmachinery\/\"]}]}<\/script>\n<!-- \/ Yoast SEO plugin. -->","yoast_head_json":{"title":"CONCASSEURS \u00c0 M\u00c2CHOIRES - Maden Crushing &amp; Screening","robots":{"index":"index","follow":"follow","max-snippet":"max-snippet:-1","max-image-preview":"max-image-preview:large","max-video-preview":"max-video-preview:-1"},"canonical":"https:\/\/www.maden.net\/fr\/concasseurs-a-machoires\/","og_locale":"fr_FR","og_type":"article","og_title":"CONCASSEURS \u00c0 M\u00c2CHOIRES - Maden Crushing &amp; Screening","og_url":"https:\/\/www.maden.net\/fr\/concasseurs-a-machoires\/","og_site_name":"Maden Crushing &amp; Screening","article_publisher":"https:\/\/www.facebook.com\/madenmachinery\/","article_modified_time":"2022-11-02T05:36:28+00:00","og_image":[{"width":1200,"height":900,"url":"https:\/\/www.maden.net\/wp-content\/uploads\/2022\/02\/ceneli-kiricilar-kapak.jpg","type":"image\/jpeg"}],"twitter_card":"summary_large_image","twitter_misc":{"Dur\u00e9e de lecture estim\u00e9e":"2 minutes"},"schema":{"@context":"https:\/\/schema.org","@graph":[{"@type":"WebPage","@id":"https:\/\/www.maden.net\/fr\/concasseurs-a-machoires\/","url":"https:\/\/www.maden.net\/fr\/concasseurs-a-machoires\/","name":"CONCASSEURS \u00c0 M\u00c2CHOIRES - Maden Crushing &amp; Screening","isPartOf":{"@id":"https:\/\/www.maden.net\/#website"},"datePublished":"2021-06-11T11:39:22+00:00","dateModified":"2022-11-02T05:36:28+00:00","breadcrumb":{"@id":"https:\/\/www.maden.net\/fr\/concasseurs-a-machoires\/#breadcrumb"},"inLanguage":"fr-FR","potentialAction":[{"@type":"ReadAction","target":["https:\/\/www.maden.net\/fr\/concasseurs-a-machoires\/"]}]},{"@type":"BreadcrumbList","@id":"https:\/\/www.maden.net\/fr\/concasseurs-a-machoires\/#breadcrumb","itemListElement":[{"@type":"ListItem","position":1,"name":"Anasayfa","item":"https:\/\/www.maden.net\/fr\/"},{"@type":"ListItem","position":2,"name":"CONCASSEURS \u00c0 M\u00c2CHOIRES"}]},{"@type":"WebSite","@id":"https:\/\/www.maden.net\/#website","url":"https:\/\/www.maden.net\/","name":"Maden Machinery Crushing & Screening","description":"","publisher":{"@id":"https:\/\/www.maden.net\/#organization"},"potentialAction":[{"@type":"SearchAction","target":{"@type":"EntryPoint","urlTemplate":"https:\/\/www.maden.net\/?s={search_term_string}"},"query-input":"required name=search_term_string"}],"inLanguage":"fr-FR"},{"@type":"Organization","@id":"https:\/\/www.maden.net\/#organization","name":"Maden Machinery Crushing & Screening","url":"https:\/\/www.maden.net\/","logo":{"@type":"ImageObject","inLanguage":"fr-FR","@id":"https:\/\/www.maden.net\/#\/schema\/logo\/image\/","url":"https:\/\/www.maden.net\/wp-content\/uploads\/2021\/07\/maden-en-logo-r.png","contentUrl":"https:\/\/www.maden.net\/wp-content\/uploads\/2021\/07\/maden-en-logo-r.png","width":533,"height":304,"caption":"Maden Machinery Crushing & Screening"},"image":{"@id":"https:\/\/www.maden.net\/#\/schema\/logo\/image\/"},"sameAs":["https:\/\/www.instagram.com\/madenmachinery\/","https:\/\/www.youtube.com\/@madenmachinery6909","https:\/\/www.facebook.com\/madenmachinery\/"]}]}},"_links":{"self":[{"href":"https:\/\/www.maden.net\/fr\/wp-json\/wp\/v2\/pages\/13964","targetHints":{"allow":["GET"]}}],"collection":[{"href":"https:\/\/www.maden.net\/fr\/wp-json\/wp\/v2\/pages"}],"about":[{"href":"https:\/\/www.maden.net\/fr\/wp-json\/wp\/v2\/types\/page"}],"author":[{"embeddable":true,"href":"https:\/\/www.maden.net\/fr\/wp-json\/wp\/v2\/users\/1"}],"replies":[{"embeddable":true,"href":"https:\/\/www.maden.net\/fr\/wp-json\/wp\/v2\/comments?post=13964"}],"version-history":[{"count":4,"href":"https:\/\/www.maden.net\/fr\/wp-json\/wp\/v2\/pages\/13964\/revisions"}],"predecessor-version":[{"id":15039,"href":"https:\/\/www.maden.net\/fr\/wp-json\/wp\/v2\/pages\/13964\/revisions\/15039"}],"wp:featuredmedia":[{"embeddable":true,"href":"https:\/\/www.maden.net\/fr\/wp-json\/wp\/v2\/media\/11381"}],"wp:attachment":[{"href":"https:\/\/www.maden.net\/fr\/wp-json\/wp\/v2\/media?parent=13964"}],"curies":[{"name":"wp","href":"https:\/\/api.w.org\/{rel}","templated":true}]}}