{"id":14024,"date":"2021-07-14T17:06:45","date_gmt":"2021-07-14T14:06:45","guid":{"rendered":"https:\/\/www.maden.net\/tersiyer-kiricilar\/"},"modified":"2022-11-02T10:18:32","modified_gmt":"2022-11-02T07:18:32","slug":"concasseurs-tertiaires","status":"publish","type":"page","link":"https:\/\/www.maden.net\/fr\/concasseurs-tertiaires\/","title":{"rendered":"CONCASSEURS TERTIAIRES"},"content":{"rendered":"<section class=\"l-section wpb_row height_custom\" id=\"01\"><div class=\"l-section-h i-cf\"><div class=\"g-cols vc_row via_flex valign_top type_default stacking_default\"><div class=\"vc_col-sm-12 wpb_column vc_column_container\"><div class=\"vc_column-inner\"><div class=\"wpb_wrapper\"><h2 class=\"w-post-elm post_title align_center entry-title color_link_inherit\">CONCASSEURS TERTIAIRES<\/h2><div class=\"w-separator size_custom with_line width_30 thick_4 style_solid color_primary align_center\" style=\"height:\"><div class=\"w-separator-h\"><\/div><\/div><div class=\"w-separator size_medium\"><\/div><div class=\"wpb_text_column\"><div class=\"wpb_wrapper\"><p>Les concasseurs tertiaires sont utilis\u00e9s pour les mat\u00e9riaux tendres et mi-durs. Les concasseurs tertiaires ont un rendement plus fin que les concasseurs \u00e0 percussion secondaires. Et ils peuvent \u00eatre utilis\u00e9s comme concasseurs finaux. Les concasseurs tertiaires produisent \u00e9galement des mat\u00e9riaux de bonne forme adapt\u00e9s \u00e0 une utilisation en tant que produit.<\/p>\n<ul>\n<li>Conception de rotor \u00e0 haute inertie<\/li>\n<li>Conception de rotor et rideaux d&rsquo;impact pouvant pivoter des deux c\u00f4t\u00e9s<\/li>\n<li>Remplacement facile du marteau<\/li>\n<li>Palettes en fonte r\u00e9sistantes \u00e0 l&rsquo;usure et \u00e0 la rupture<\/li>\n<li>Lits en acier moul\u00e9 \u00e0 usage intensif<\/li>\n<li>Roulements \u00e0 usage intensif<\/li>\n<\/ul>\n<\/div><\/div><\/div><\/div><\/div><\/div><\/div><\/section><section class=\"l-section wpb_row height_custom\" id=\"02\"><div class=\"l-section-overlay\" style=\"background:var(--color-alt-content-overlay)\"><\/div><div class=\"l-section-h i-cf\"><div class=\"g-cols vc_row via_flex valign_top type_default stacking_default\"><div class=\"vc_col-sm-12 wpb_column vc_column_container\"><div class=\"vc_column-inner\"><div class=\"wpb_wrapper\"><div class=\"wpb_text_column\"><div class=\"wpb_wrapper\"><h2 style=\"text-align: center;\">SP\u00c9CIFICATIONS TECHNIQUES<\/h2>\n<\/div><\/div><div class=\"w-separator size_custom with_line width_30 thick_4 style_solid color_primary align_center\" style=\"height:\"><div class=\"w-separator-h\"><\/div><\/div><div class=\"w-separator size_medium\"><\/div><div class=\"wpb_text_column ozelliktablo\"><div class=\"wpb_wrapper\"><table>\n<thead>\n<tr>\n<th>MODELE<\/th>\n<th>DIMENSIONS DU ROTOR (mm)<\/th>\n<th>TAILLE D&rsquo;ALIMENTATION MAXIMALE (mm)<\/th>\n<th><\/th>\n<th>PUISSANCE DU MOTEUR (kW)<\/th>\n<th><\/th>\n<\/tr>\n<\/thead>\n<tbody>\n<tr>\n<td>TK-80<\/td>\n<td>1200X800<\/td>\n<td>100<\/td>\n<td><\/td>\n<td>132-185<\/td>\n<td><\/td>\n<\/tr>\n<tr>\n<td>TK-100<\/td>\n<td>1200X1000<\/td>\n<td>120<\/td>\n<td><\/td>\n<td>160-200<\/td>\n<td><\/td>\n<\/tr>\n<tr>\n<td>TK-120<\/td>\n<td>1200X1200<\/td>\n<td>120<\/td>\n<td><\/td>\n<td>185-250<\/td>\n<td><\/td>\n<\/tr>\n<tr>\n<td>TK-150<\/td>\n<td>1200X1500<\/td>\n<td>150<\/td>\n<td><\/td>\n<td>200-315<\/td>\n<td><\/td>\n<\/tr>\n<\/tbody>\n<\/table>\n<\/div><\/div><div class=\"w-separator size_medium\"><\/div><div class=\"wpb_text_column\"><div class=\"wpb_wrapper\"><h2 style=\"text-align: center;\">DIMENSIONS<\/h2>\n<\/div><\/div><div class=\"w-separator size_custom with_line width_30 thick_4 style_solid color_primary align_center\" style=\"height:\"><div class=\"w-separator-h\"><\/div><\/div><div class=\"w-separator size_medium\"><\/div><div class=\"g-cols wpb_row via_flex valign_top type_default stacking_default\"><div class=\"vc_col-sm-2 wpb_column vc_column_container\"><div class=\"vc_column-inner\"><div class=\"wpb_wrapper\"><\/div><\/div><\/div><div class=\"vc_col-sm-8 wpb_column vc_column_container\"><div class=\"vc_column-inner\"><div class=\"wpb_wrapper\"><div class=\"w-image us_custom_93db7e53 align_center\"><a href=\"https:\/\/www.maden.net\/wp-content\/uploads\/2021\/07\/tersiyer-olcu.jpg\" ref=\"magnificPopup\" aria-label=\"Lien\" class=\"w-image-h\"><img loading=\"lazy\" decoding=\"async\" width=\"844\" height=\"504\" src=\"https:\/\/www.maden.net\/wp-content\/uploads\/2021\/07\/tersiyer-olcu.jpg\" class=\"attachment-full size-full\" alt=\"\" srcset=\"https:\/\/www.maden.net\/wp-content\/uploads\/2021\/07\/tersiyer-olcu.jpg 844w, https:\/\/www.maden.net\/wp-content\/uploads\/2021\/07\/tersiyer-olcu-300x179.jpg 300w, https:\/\/www.maden.net\/wp-content\/uploads\/2021\/07\/tersiyer-olcu-100x60.jpg 100w\" sizes=\"auto, (max-width: 844px) 100vw, 844px\" \/><\/a><\/div><\/div><\/div><\/div><div class=\"vc_col-sm-2 wpb_column vc_column_container\"><div class=\"vc_column-inner\"><div class=\"wpb_wrapper\"><\/div><\/div><\/div><\/div><div class=\"w-separator size_medium\"><\/div><div class=\"wpb_text_column ozelliktablo\"><div class=\"wpb_wrapper\"><table>\n<thead>\n<tr>\n<th>MODELE<\/th>\n<th>A<\/th>\n<th>B<\/th>\n<th>C<\/th>\n<th>D<\/th>\n<th>E<\/th>\n<th>F<\/th>\n<th>G<\/th>\n<th>H<\/th>\n<th>I<\/th>\n<th>J<\/th>\n<th>K<\/th>\n<th>L<\/th>\n<th>M<\/th>\n<th>N<\/th>\n<th>O<\/th>\n<th>P<\/th>\n<\/tr>\n<\/thead>\n<tbody>\n<tr>\n<td>TK-80<\/td>\n<td>2200<\/td>\n<td>1430<\/td>\n<td>2620<\/td>\n<td>3905<\/td>\n<td>1970<\/td>\n<td>910<\/td>\n<td>600<\/td>\n<td>4660<\/td>\n<td>2125<\/td>\n<td>1355<\/td>\n<td>3055<\/td>\n<td>935<\/td>\n<td>450<\/td>\n<td>1335<\/td>\n<td>3205<\/td>\n<td>3040<\/td>\n<\/tr>\n<tr>\n<td>TK-100<\/td>\n<td>2200<\/td>\n<td>1630<\/td>\n<td>2620<\/td>\n<td>3905<\/td>\n<td>2170<\/td>\n<td>1110<\/td>\n<td>600<\/td>\n<td>4860<\/td>\n<td>2125<\/td>\n<td>1555<\/td>\n<td>3255<\/td>\n<td>935<\/td>\n<td>450<\/td>\n<td>1335<\/td>\n<td>3405<\/td>\n<td>3040<\/td>\n<\/tr>\n<tr>\n<td>TK-120<\/td>\n<td>2200<\/td>\n<td>1830<\/td>\n<td>2620<\/td>\n<td>3905<\/td>\n<td>2370<\/td>\n<td>1310<\/td>\n<td>600<\/td>\n<td>4860<\/td>\n<td>2125<\/td>\n<td>1755<\/td>\n<td>3455<\/td>\n<td>935<\/td>\n<td>450<\/td>\n<td>1335<\/td>\n<td>3605<\/td>\n<td>3040<\/td>\n<\/tr>\n<tr>\n<td>TK-150<\/td>\n<td>2200<\/td>\n<td>2130<\/td>\n<td>2620<\/td>\n<td>3905<\/td>\n<td>2670<\/td>\n<td>1610<\/td>\n<td>600<\/td>\n<td>4860<\/td>\n<td>2125<\/td>\n<td>2055<\/td>\n<td>3755<\/td>\n<td>935<\/td>\n<td>450<\/td>\n<td>1335<\/td>\n<td>3905<\/td>\n<td>3040<\/td>\n<\/tr>\n<\/tbody>\n<\/table>\n<\/div><\/div><\/div><\/div><\/div><\/div><\/div><\/section><section class=\"l-section wpb_row height_custom\" id=\"06\"><div class=\"l-section-h i-cf\"><div class=\"g-cols vc_row via_flex valign_top type_default stacking_default\"><div class=\"vc_col-sm-12 wpb_column vc_column_container\"><div class=\"vc_column-inner\"><div class=\"wpb_wrapper\"><div class=\"wpb_text_column\"><div class=\"wpb_wrapper\"><h2 style=\"text-align: center;\">Vision \u00e0 360\u00b0<\/h2>\n<\/div><\/div><div class=\"w-separator size_custom with_line width_30 thick_4 style_solid color_primary align_center\" style=\"height:\"><div class=\"w-separator-h\"><\/div><\/div><div class=\"w-separator size_medium\"><\/div><div class=\"wpb_text_column\"><div class=\"wpb_wrapper\"><div data-total-frames=\"16\" data-main-image-url=\"https:\/\/www.maden.net\/wp-content\/uploads\/2022\/06\/y-tersiyer-01.jpg\" data-image-url-format=\"y-tersiyer-xx.jpg\" data-speed=\"90\" data-inertia=\"12\" data-zoom=\"false\" data-reverse=\"true\" data-auto-rotate=\"1\" data-notification-config_drag-to-rotate_show-start-to-rotate-default-notification=\"true\" data-main-holder-id=\"jsv-holder-fkneujlmxw\" data-main-image-id=\"jsv-img-dxryuspqbf\" id=\"jsv-holder-fkneujlmxw\" class=\"jsv-holder\" ><img decoding=\"async\" id=\"jsv-img-dxryuspqbf\" alt=\"your 360 images\" src=\"https:\/\/www.maden.net\/wp-content\/uploads\/2022\/06\/y-tersiyer-01.jpg\"><\/div>\n<\/div><\/div><\/div><\/div><\/div><\/div><\/div><\/section><section class=\"l-section wpb_row height_custom\" id=\"03\"><div class=\"l-section-h i-cf\"><div class=\"g-cols vc_row via_flex valign_top type_default stacking_default\"><div class=\"vc_col-sm-12 wpb_column vc_column_container\"><div class=\"vc_column-inner\"><div class=\"wpb_wrapper\"><div class=\"wpb_text_column\"><div class=\"wpb_wrapper\"><h2 style=\"text-align: center;\">GALERIE DE PRODUITS<\/h2>\n<\/div><\/div><div class=\"w-separator size_custom with_line width_30 thick_4 style_solid color_primary align_center\" style=\"height:\"><div class=\"w-separator-h\"><\/div><\/div><div class=\"w-separator size_medium\"><\/div><div class=\"w-grid type_carousel layout_7918 cols_3\" id=\"us_grid_1\"><style>#us_grid_1 .w-grid-item{padding:5px}#us_grid_1 .w-grid-list{margin:-5px}.w-grid + #us_grid_1 .w-grid-list,.w-grid-none + #us_grid_1 .w-grid-list{margin-top:5px}.layout_7918 .w-grid-item-h{}.layout_7918 .usg_post_image_1{transition-duration:0.3s;transform-origin:50% 50%;transform:scale(1) translate(0%,0%)}.layout_7918 .w-grid-item-h:hover .usg_post_image_1{transform:scale(1) translate(0%,0%);opacity:1;border-color:var(--color-content-primary)!important}.layout_7918 .usg_post_image_1{border:3px solid #ffffff!important}<\/style><div class=\"w-grid-list owl-carousel navstyle_circle navpos_outside with_dots\" style=\"--arrows-size:1.8rem;\">\t<article class=\"w-grid-item post-11870 attachment type-attachment status-inherit hentry\" data-id=\"11870\">\r\n\t\t<div class=\"w-grid-item-h\">\r\n\t\t\t\t\t\t\t<a class=\"w-grid-item-anchor\" href=\"https:\/\/www.maden.net\/wp-content\/uploads\/2022\/02\/tersiyer-kirici-05.jpg\" ref=\"magnificPopupGrid\" title=\"tersiyer-kirici-05\"><\/a>\r\n\t\t\t\t\t\t<div class=\"w-post-elm post_image usg_post_image_1 has_ratio\"><div style=\"padding-bottom:75%\"><\/div><a href=\"https:\/\/www.maden.net\/fr\/concasseurs-tertiaires\/tersiyer-kirici-05-2\/\" aria-label=\"tersiyer-kirici-05\"><img loading=\"lazy\" decoding=\"async\" width=\"1200\" height=\"900\" src=\"https:\/\/www.maden.net\/wp-content\/uploads\/2022\/02\/tersiyer-kirici-05.jpg\" class=\"attachment- size-\" alt=\"\" srcset=\"https:\/\/www.maden.net\/wp-content\/uploads\/2022\/02\/tersiyer-kirici-05.jpg 1200w, https:\/\/www.maden.net\/wp-content\/uploads\/2022\/02\/tersiyer-kirici-05-300x225.jpg 300w, https:\/\/www.maden.net\/wp-content\/uploads\/2022\/02\/tersiyer-kirici-05-1024x768.jpg 1024w\" sizes=\"auto, (max-width: 1200px) 100vw, 1200px\" \/><\/a><\/div>\t\t<\/div>\r\n\t<\/article>\r\n\t<article class=\"w-grid-item post-11866 attachment type-attachment status-inherit hentry\" data-id=\"11866\">\r\n\t\t<div class=\"w-grid-item-h\">\r\n\t\t\t\t\t\t\t<a class=\"w-grid-item-anchor\" href=\"https:\/\/www.maden.net\/wp-content\/uploads\/2022\/02\/tersiyer-kirici-04.jpg\" ref=\"magnificPopupGrid\" title=\"tersiyer-kirici-04\"><\/a>\r\n\t\t\t\t\t\t<div class=\"w-post-elm post_image usg_post_image_1 has_ratio\"><div style=\"padding-bottom:75%\"><\/div><a href=\"https:\/\/www.maden.net\/fr\/concasseurs-tertiaires\/tersiyer-kirici-04-2\/\" aria-label=\"tersiyer-kirici-04\"><img loading=\"lazy\" decoding=\"async\" width=\"1200\" height=\"900\" src=\"https:\/\/www.maden.net\/wp-content\/uploads\/2022\/02\/tersiyer-kirici-04.jpg\" class=\"attachment- size-\" alt=\"\" srcset=\"https:\/\/www.maden.net\/wp-content\/uploads\/2022\/02\/tersiyer-kirici-04.jpg 1200w, https:\/\/www.maden.net\/wp-content\/uploads\/2022\/02\/tersiyer-kirici-04-300x225.jpg 300w, https:\/\/www.maden.net\/wp-content\/uploads\/2022\/02\/tersiyer-kirici-04-1024x768.jpg 1024w\" sizes=\"auto, (max-width: 1200px) 100vw, 1200px\" \/><\/a><\/div>\t\t<\/div>\r\n\t<\/article>\r\n\t<article class=\"w-grid-item post-11862 attachment type-attachment status-inherit hentry\" data-id=\"11862\">\r\n\t\t<div class=\"w-grid-item-h\">\r\n\t\t\t\t\t\t\t<a class=\"w-grid-item-anchor\" href=\"https:\/\/www.maden.net\/wp-content\/uploads\/2022\/02\/tersiyer-kirici-03.jpg\" ref=\"magnificPopupGrid\" title=\"tersiyer-kirici-03\"><\/a>\r\n\t\t\t\t\t\t<div class=\"w-post-elm post_image usg_post_image_1 has_ratio\"><div style=\"padding-bottom:75%\"><\/div><a href=\"https:\/\/www.maden.net\/fr\/concasseurs-tertiaires\/tersiyer-kirici-03-2\/\" aria-label=\"tersiyer-kirici-03\"><img loading=\"lazy\" decoding=\"async\" width=\"1200\" height=\"900\" src=\"https:\/\/www.maden.net\/wp-content\/uploads\/2022\/02\/tersiyer-kirici-03.jpg\" class=\"attachment- size-\" alt=\"\" srcset=\"https:\/\/www.maden.net\/wp-content\/uploads\/2022\/02\/tersiyer-kirici-03.jpg 1200w, https:\/\/www.maden.net\/wp-content\/uploads\/2022\/02\/tersiyer-kirici-03-300x225.jpg 300w, https:\/\/www.maden.net\/wp-content\/uploads\/2022\/02\/tersiyer-kirici-03-1024x768.jpg 1024w\" sizes=\"auto, (max-width: 1200px) 100vw, 1200px\" \/><\/a><\/div>\t\t<\/div>\r\n\t<\/article>\r\n\t<article class=\"w-grid-item post-11858 attachment type-attachment status-inherit hentry\" data-id=\"11858\">\r\n\t\t<div class=\"w-grid-item-h\">\r\n\t\t\t\t\t\t\t<a class=\"w-grid-item-anchor\" href=\"https:\/\/www.maden.net\/wp-content\/uploads\/2022\/02\/tersiyer-kirici-02.jpg\" ref=\"magnificPopupGrid\" title=\"tersiyer-kirici-02\"><\/a>\r\n\t\t\t\t\t\t<div class=\"w-post-elm post_image usg_post_image_1 has_ratio\"><div style=\"padding-bottom:75%\"><\/div><a href=\"https:\/\/www.maden.net\/fr\/concasseurs-tertiaires\/tersiyer-kirici-02-2\/\" aria-label=\"tersiyer-kirici-02\"><img loading=\"lazy\" decoding=\"async\" width=\"1200\" height=\"900\" src=\"https:\/\/www.maden.net\/wp-content\/uploads\/2022\/02\/tersiyer-kirici-02.jpg\" class=\"attachment- size-\" alt=\"\" srcset=\"https:\/\/www.maden.net\/wp-content\/uploads\/2022\/02\/tersiyer-kirici-02.jpg 1200w, https:\/\/www.maden.net\/wp-content\/uploads\/2022\/02\/tersiyer-kirici-02-300x225.jpg 300w, https:\/\/www.maden.net\/wp-content\/uploads\/2022\/02\/tersiyer-kirici-02-1024x768.jpg 1024w\" sizes=\"auto, (max-width: 1200px) 100vw, 1200px\" \/><\/a><\/div>\t\t<\/div>\r\n\t<\/article>\r\n\t<article class=\"w-grid-item post-11854 attachment type-attachment status-inherit hentry\" data-id=\"11854\">\r\n\t\t<div class=\"w-grid-item-h\">\r\n\t\t\t\t\t\t\t<a class=\"w-grid-item-anchor\" href=\"https:\/\/www.maden.net\/wp-content\/uploads\/2022\/02\/tersiyer-kirici-01.jpg\" ref=\"magnificPopupGrid\" title=\"tersiyer-kirici-01\"><\/a>\r\n\t\t\t\t\t\t<div class=\"w-post-elm post_image usg_post_image_1 has_ratio\"><div style=\"padding-bottom:75%\"><\/div><a href=\"https:\/\/www.maden.net\/fr\/concasseurs-tertiaires\/tersiyer-kirici-01-2\/\" aria-label=\"tersiyer-kirici-01\"><img loading=\"lazy\" decoding=\"async\" width=\"1200\" height=\"900\" src=\"https:\/\/www.maden.net\/wp-content\/uploads\/2022\/02\/tersiyer-kirici-01.jpg\" class=\"attachment- size-\" alt=\"\" srcset=\"https:\/\/www.maden.net\/wp-content\/uploads\/2022\/02\/tersiyer-kirici-01.jpg 1200w, https:\/\/www.maden.net\/wp-content\/uploads\/2022\/02\/tersiyer-kirici-01-300x225.jpg 300w, https:\/\/www.maden.net\/wp-content\/uploads\/2022\/02\/tersiyer-kirici-01-1024x768.jpg 1024w\" sizes=\"auto, (max-width: 1200px) 100vw, 1200px\" \/><\/a><\/div>\t\t<\/div>\r\n\t<\/article>\r\n<\/div><div class=\"g-preloader type_4\">\r\n\t<div><\/div>\r\n<\/div>\r\n\t<div class=\"w-grid-json hidden\" onclick='return {&quot;action&quot;:&quot;us_ajax_grid&quot;,&quot;ajax_url&quot;:&quot;https:\\\/\\\/www.maden.net\\\/wp-admin\\\/admin-ajax.php&quot;,&quot;infinite_scroll&quot;:0,&quot;max_num_pages&quot;:1,&quot;pagination&quot;:&quot;none&quot;,&quot;permalink_url&quot;:&quot;https:\\\/\\\/www.maden.net\\\/fr\\\/wp-json\\\/wp\\\/v2\\\/pages\\\/14024\\\/&quot;,&quot;template_vars&quot;:{&quot;columns&quot;:&quot;3&quot;,&quot;exclude_items&quot;:&quot;none&quot;,&quot;img_size&quot;:&quot;default&quot;,&quot;ignore_items_size&quot;:0,&quot;items_layout&quot;:&quot;7918&quot;,&quot;items_offset&quot;:&quot;1&quot;,&quot;load_animation&quot;:&quot;none&quot;,&quot;overriding_link&quot;:&quot;popup_post_image&quot;,&quot;post_id&quot;:14024,&quot;query_args&quot;:{&quot;post_type&quot;:[&quot;attachment&quot;],&quot;post__in&quot;:[&quot;8884&quot;,&quot;8883&quot;,&quot;8882&quot;,&quot;8885&quot;,&quot;8886&quot;],&quot;post_status&quot;:&quot;inherit&quot;,&quot;post_mime_type&quot;:&quot;image&quot;,&quot;posts_per_page&quot;:999},&quot;orderby_query_args&quot;:{&quot;orderby&quot;:{&quot;date&quot;:&quot;DESC&quot;}},&quot;type&quot;:&quot;carousel&quot;,&quot;us_grid_ajax_index&quot;:1,&quot;us_grid_filter_params&quot;:null,&quot;us_grid_index&quot;:1,&quot;_us_grid_post_type&quot;:&quot;attachment&quot;,&quot;lang&quot;:&quot;fr&quot;},&quot;carousel_settings&quot;:{&quot;autoHeight&quot;:0,&quot;autoplay&quot;:0,&quot;carousel_fade&quot;:0,&quot;center&quot;:0,&quot;dots&quot;:1,&quot;items&quot;:&quot;3&quot;,&quot;loop&quot;:true,&quot;nav&quot;:1,&quot;slideby&quot;:&quot;1&quot;,&quot;smooth_play&quot;:0,&quot;speed&quot;:250,&quot;timeout&quot;:3000,&quot;transition&quot;:&quot;&quot;},&quot;carousel_breakpoints&quot;:{&quot;0&quot;:{&quot;autoHeight&quot;:0,&quot;autoplay&quot;:1,&quot;autoplayHoverPause&quot;:1,&quot;items&quot;:1,&quot;loop&quot;:true,&quot;stagePadding&quot;:0},&quot;600&quot;:{&quot;autoHeight&quot;:0,&quot;autoplay&quot;:1,&quot;autoplayHoverPause&quot;:1,&quot;items&quot;:2,&quot;loop&quot;:true,&quot;stagePadding&quot;:0},&quot;900&quot;:{&quot;autoHeight&quot;:0,&quot;autoplay&quot;:1,&quot;autoplayHoverPause&quot;:1,&quot;items&quot;:3,&quot;loop&quot;:true,&quot;stagePadding&quot;:0},&quot;1200&quot;:{&quot;items&quot;:3,&quot;stagePadding&quot;:0}}}'><\/div>\r\n\t<\/div><\/div><\/div><\/div><\/div><\/div><\/section>\n","protected":false},"excerpt":{"rendered":"","protected":false},"author":1,"featured_media":11874,"parent":0,"menu_order":0,"comment_status":"closed","ping_status":"closed","template":"","meta":{"footnotes":""},"class_list":["post-14024","page","type-page","status-publish","has-post-thumbnail","hentry"],"yoast_head":"<!-- This site is optimized with the Yoast SEO plugin v20.0 - https:\/\/yoast.com\/wordpress\/plugins\/seo\/ -->\n<title>CONCASSEURS TERTIAIRES - Maden Crushing &amp; Screening<\/title>\n<meta name=\"robots\" content=\"index, follow, max-snippet:-1, max-image-preview:large, max-video-preview:-1\" \/>\n<link rel=\"canonical\" href=\"https:\/\/www.maden.net\/fr\/concasseurs-tertiaires\/\" \/>\n<meta property=\"og:locale\" content=\"fr_FR\" \/>\n<meta property=\"og:type\" content=\"article\" \/>\n<meta property=\"og:title\" content=\"CONCASSEURS TERTIAIRES - Maden Crushing &amp; Screening\" \/>\n<meta property=\"og:url\" content=\"https:\/\/www.maden.net\/fr\/concasseurs-tertiaires\/\" \/>\n<meta property=\"og:site_name\" content=\"Maden Crushing &amp; Screening\" \/>\n<meta property=\"article:publisher\" content=\"https:\/\/www.facebook.com\/madenmachinery\/\" \/>\n<meta property=\"article:modified_time\" content=\"2022-11-02T07:18:32+00:00\" \/>\n<meta property=\"og:image\" content=\"https:\/\/www.maden.net\/wp-content\/uploads\/2022\/02\/tersiyer-kirici-kapak.jpg\" \/>\n\t<meta property=\"og:image:width\" content=\"1200\" \/>\n\t<meta property=\"og:image:height\" content=\"900\" \/>\n\t<meta property=\"og:image:type\" content=\"image\/jpeg\" \/>\n<meta name=\"twitter:card\" content=\"summary_large_image\" \/>\n<meta name=\"twitter:label1\" content=\"Dur\u00e9e de lecture estim\u00e9e\" \/>\n\t<meta name=\"twitter:data1\" content=\"2 minutes\" \/>\n<script type=\"application\/ld+json\" class=\"yoast-schema-graph\">{\"@context\":\"https:\/\/schema.org\",\"@graph\":[{\"@type\":\"WebPage\",\"@id\":\"https:\/\/www.maden.net\/fr\/concasseurs-tertiaires\/\",\"url\":\"https:\/\/www.maden.net\/fr\/concasseurs-tertiaires\/\",\"name\":\"CONCASSEURS TERTIAIRES - Maden Crushing &amp; Screening\",\"isPartOf\":{\"@id\":\"https:\/\/www.maden.net\/#website\"},\"datePublished\":\"2021-07-14T14:06:45+00:00\",\"dateModified\":\"2022-11-02T07:18:32+00:00\",\"breadcrumb\":{\"@id\":\"https:\/\/www.maden.net\/fr\/concasseurs-tertiaires\/#breadcrumb\"},\"inLanguage\":\"fr-FR\",\"potentialAction\":[{\"@type\":\"ReadAction\",\"target\":[\"https:\/\/www.maden.net\/fr\/concasseurs-tertiaires\/\"]}]},{\"@type\":\"BreadcrumbList\",\"@id\":\"https:\/\/www.maden.net\/fr\/concasseurs-tertiaires\/#breadcrumb\",\"itemListElement\":[{\"@type\":\"ListItem\",\"position\":1,\"name\":\"Anasayfa\",\"item\":\"https:\/\/www.maden.net\/fr\/\"},{\"@type\":\"ListItem\",\"position\":2,\"name\":\"CONCASSEURS TERTIAIRES\"}]},{\"@type\":\"WebSite\",\"@id\":\"https:\/\/www.maden.net\/#website\",\"url\":\"https:\/\/www.maden.net\/\",\"name\":\"Maden Machinery Crushing & Screening\",\"description\":\"\",\"publisher\":{\"@id\":\"https:\/\/www.maden.net\/#organization\"},\"potentialAction\":[{\"@type\":\"SearchAction\",\"target\":{\"@type\":\"EntryPoint\",\"urlTemplate\":\"https:\/\/www.maden.net\/?s={search_term_string}\"},\"query-input\":\"required name=search_term_string\"}],\"inLanguage\":\"fr-FR\"},{\"@type\":\"Organization\",\"@id\":\"https:\/\/www.maden.net\/#organization\",\"name\":\"Maden Machinery Crushing & Screening\",\"url\":\"https:\/\/www.maden.net\/\",\"logo\":{\"@type\":\"ImageObject\",\"inLanguage\":\"fr-FR\",\"@id\":\"https:\/\/www.maden.net\/#\/schema\/logo\/image\/\",\"url\":\"https:\/\/www.maden.net\/wp-content\/uploads\/2021\/07\/maden-en-logo-r.png\",\"contentUrl\":\"https:\/\/www.maden.net\/wp-content\/uploads\/2021\/07\/maden-en-logo-r.png\",\"width\":533,\"height\":304,\"caption\":\"Maden Machinery Crushing & Screening\"},\"image\":{\"@id\":\"https:\/\/www.maden.net\/#\/schema\/logo\/image\/\"},\"sameAs\":[\"https:\/\/www.instagram.com\/madenmachinery\/\",\"https:\/\/www.youtube.com\/@madenmachinery6909\",\"https:\/\/www.facebook.com\/madenmachinery\/\"]}]}<\/script>\n<!-- \/ Yoast SEO plugin. -->","yoast_head_json":{"title":"CONCASSEURS TERTIAIRES - Maden Crushing &amp; Screening","robots":{"index":"index","follow":"follow","max-snippet":"max-snippet:-1","max-image-preview":"max-image-preview:large","max-video-preview":"max-video-preview:-1"},"canonical":"https:\/\/www.maden.net\/fr\/concasseurs-tertiaires\/","og_locale":"fr_FR","og_type":"article","og_title":"CONCASSEURS TERTIAIRES - Maden Crushing &amp; Screening","og_url":"https:\/\/www.maden.net\/fr\/concasseurs-tertiaires\/","og_site_name":"Maden Crushing &amp; Screening","article_publisher":"https:\/\/www.facebook.com\/madenmachinery\/","article_modified_time":"2022-11-02T07:18:32+00:00","og_image":[{"width":1200,"height":900,"url":"https:\/\/www.maden.net\/wp-content\/uploads\/2022\/02\/tersiyer-kirici-kapak.jpg","type":"image\/jpeg"}],"twitter_card":"summary_large_image","twitter_misc":{"Dur\u00e9e de lecture estim\u00e9e":"2 minutes"},"schema":{"@context":"https:\/\/schema.org","@graph":[{"@type":"WebPage","@id":"https:\/\/www.maden.net\/fr\/concasseurs-tertiaires\/","url":"https:\/\/www.maden.net\/fr\/concasseurs-tertiaires\/","name":"CONCASSEURS TERTIAIRES - Maden Crushing &amp; Screening","isPartOf":{"@id":"https:\/\/www.maden.net\/#website"},"datePublished":"2021-07-14T14:06:45+00:00","dateModified":"2022-11-02T07:18:32+00:00","breadcrumb":{"@id":"https:\/\/www.maden.net\/fr\/concasseurs-tertiaires\/#breadcrumb"},"inLanguage":"fr-FR","potentialAction":[{"@type":"ReadAction","target":["https:\/\/www.maden.net\/fr\/concasseurs-tertiaires\/"]}]},{"@type":"BreadcrumbList","@id":"https:\/\/www.maden.net\/fr\/concasseurs-tertiaires\/#breadcrumb","itemListElement":[{"@type":"ListItem","position":1,"name":"Anasayfa","item":"https:\/\/www.maden.net\/fr\/"},{"@type":"ListItem","position":2,"name":"CONCASSEURS TERTIAIRES"}]},{"@type":"WebSite","@id":"https:\/\/www.maden.net\/#website","url":"https:\/\/www.maden.net\/","name":"Maden Machinery Crushing & Screening","description":"","publisher":{"@id":"https:\/\/www.maden.net\/#organization"},"potentialAction":[{"@type":"SearchAction","target":{"@type":"EntryPoint","urlTemplate":"https:\/\/www.maden.net\/?s={search_term_string}"},"query-input":"required name=search_term_string"}],"inLanguage":"fr-FR"},{"@type":"Organization","@id":"https:\/\/www.maden.net\/#organization","name":"Maden Machinery Crushing & Screening","url":"https:\/\/www.maden.net\/","logo":{"@type":"ImageObject","inLanguage":"fr-FR","@id":"https:\/\/www.maden.net\/#\/schema\/logo\/image\/","url":"https:\/\/www.maden.net\/wp-content\/uploads\/2021\/07\/maden-en-logo-r.png","contentUrl":"https:\/\/www.maden.net\/wp-content\/uploads\/2021\/07\/maden-en-logo-r.png","width":533,"height":304,"caption":"Maden Machinery Crushing & Screening"},"image":{"@id":"https:\/\/www.maden.net\/#\/schema\/logo\/image\/"},"sameAs":["https:\/\/www.instagram.com\/madenmachinery\/","https:\/\/www.youtube.com\/@madenmachinery6909","https:\/\/www.facebook.com\/madenmachinery\/"]}]}},"_links":{"self":[{"href":"https:\/\/www.maden.net\/fr\/wp-json\/wp\/v2\/pages\/14024","targetHints":{"allow":["GET"]}}],"collection":[{"href":"https:\/\/www.maden.net\/fr\/wp-json\/wp\/v2\/pages"}],"about":[{"href":"https:\/\/www.maden.net\/fr\/wp-json\/wp\/v2\/types\/page"}],"author":[{"embeddable":true,"href":"https:\/\/www.maden.net\/fr\/wp-json\/wp\/v2\/users\/1"}],"replies":[{"embeddable":true,"href":"https:\/\/www.maden.net\/fr\/wp-json\/wp\/v2\/comments?post=14024"}],"version-history":[{"count":4,"href":"https:\/\/www.maden.net\/fr\/wp-json\/wp\/v2\/pages\/14024\/revisions"}],"predecessor-version":[{"id":15055,"href":"https:\/\/www.maden.net\/fr\/wp-json\/wp\/v2\/pages\/14024\/revisions\/15055"}],"wp:featuredmedia":[{"embeddable":true,"href":"https:\/\/www.maden.net\/fr\/wp-json\/wp\/v2\/media\/11874"}],"wp:attachment":[{"href":"https:\/\/www.maden.net\/fr\/wp-json\/wp\/v2\/media?parent=14024"}],"curies":[{"name":"wp","href":"https:\/\/api.w.org\/{rel}","templated":true}]}}