{"id":13861,"date":"2021-06-11T16:41:55","date_gmt":"2021-06-11T13:41:55","guid":{"rendered":"https:\/\/www.maden.net\/haberler\/"},"modified":"2022-06-18T16:20:46","modified_gmt":"2022-06-18T13:20:46","slug":"%d0%bd%d0%be%d0%b2%d0%be%d1%81%d1%82%d0%b8","status":"publish","type":"page","link":"https:\/\/www.maden.net\/ru\/%d0%bd%d0%be%d0%b2%d0%be%d1%81%d1%82%d0%b8\/","title":{"rendered":"\u041d\u041e\u0412\u041e\u0421\u0422\u0418"},"content":{"rendered":"<section class=\"l-section wpb_row height_custom\"><div class=\"l-section-h i-cf\"><div class=\"g-cols vc_row via_flex valign_top type_default stacking_default\"><div class=\"vc_col-sm-12 wpb_column vc_column_container\"><div class=\"vc_column-inner\"><div class=\"wpb_wrapper\"><div class=\"w-grid type_grid layout_8487 cols_2\" id=\"us_grid_1\" data-filterable=\"true\"><style>#us_grid_1 .w-grid-item{padding:1rem}#us_grid_1 .w-grid-list{margin:-1rem -1rem 1rem}.w-grid + #us_grid_1 .w-grid-list,.w-grid-none + #us_grid_1 .w-grid-list{margin-top:1rem}@media (max-width:599px){#us_grid_1 .w-grid-list{margin:0}#us_grid_1 .w-grid-item{width:100%;padding:0;margin-bottom:1rem}}.layout_8487 .w-grid-item-h{}.layout_8487 .usg_post_image_1{margin-bottom:0.5rem!important}.layout_8487 .usg_post_title_1{font-size:1rem!important}<\/style><div class=\"w-grid-list\">\t<article class=\"w-grid-item size_1x1 post-13853 post type-post status-publish format-standard has-post-thumbnail hentry category-haberler category-haberler-ru\" data-id=\"13853\">\r\n\t\t<div class=\"w-grid-item-h\">\r\n\t\t\t\t\t\t<div class=\"w-post-elm post_image usg_post_image_1 has_ratio\"><div style=\"padding-bottom:75%\"><\/div><a href=\"https:\/\/www.maden.net\/ru\/taslarin-dunyasi\/\" aria-label=\"Ta\u015flar\u0131n D\u00fcnyas\u0131\"><img loading=\"lazy\" decoding=\"async\" width=\"1920\" height=\"1080\" src=\"https:\/\/www.maden.net\/wp-content\/uploads\/2021\/07\/taslarin-dunyasi.jpg\" class=\"attachment- size- wp-post-image\" alt=\"\" srcset=\"https:\/\/www.maden.net\/wp-content\/uploads\/2021\/07\/taslarin-dunyasi.jpg 1920w, https:\/\/www.maden.net\/wp-content\/uploads\/2021\/07\/taslarin-dunyasi-300x169.jpg 300w, https:\/\/www.maden.net\/wp-content\/uploads\/2021\/07\/taslarin-dunyasi-1024x576.jpg 1024w, https:\/\/www.maden.net\/wp-content\/uploads\/2021\/07\/taslarin-dunyasi-1536x864.jpg 1536w, https:\/\/www.maden.net\/wp-content\/uploads\/2021\/07\/taslarin-dunyasi-100x56.jpg 100w\" sizes=\"auto, (max-width: 1920px) 100vw, 1920px\" \/><\/a><\/div><h2 class=\"w-post-elm post_title usg_post_title_1 entry-title color_link_inherit\"><a href=\"https:\/\/www.maden.net\/ru\/taslarin-dunyasi\/\">Ta\u015flar\u0131n D\u00fcnyas\u0131<\/a><\/h2>\t\t<\/div>\r\n\t<\/article>\r\n\t<article class=\"w-grid-item size_1x1 post-13857 post type-post status-publish format-standard has-post-thumbnail hentry category-haberler category-haberler-ru\" data-id=\"13857\">\r\n\t\t<div class=\"w-grid-item-h\">\r\n\t\t\t\t\t\t<div class=\"w-post-elm post_image usg_post_image_1 has_ratio\"><div style=\"padding-bottom:75%\"><\/div><a href=\"https:\/\/www.maden.net\/ru\/taslarin-ozellikleri\/\" aria-label=\"Ta\u015flar\u0131n \u00d6zellikleri\"><img loading=\"lazy\" decoding=\"async\" width=\"1200\" height=\"600\" src=\"https:\/\/www.maden.net\/wp-content\/uploads\/2021\/07\/taslarin-ozellikleri.jpg\" class=\"attachment- size- wp-post-image\" alt=\"\" srcset=\"https:\/\/www.maden.net\/wp-content\/uploads\/2021\/07\/taslarin-ozellikleri.jpg 1200w, https:\/\/www.maden.net\/wp-content\/uploads\/2021\/07\/taslarin-ozellikleri-300x150.jpg 300w, https:\/\/www.maden.net\/wp-content\/uploads\/2021\/07\/taslarin-ozellikleri-1024x512.jpg 1024w, https:\/\/www.maden.net\/wp-content\/uploads\/2021\/07\/taslarin-ozellikleri-100x50.jpg 100w\" sizes=\"auto, (max-width: 1200px) 100vw, 1200px\" \/><\/a><\/div><h2 class=\"w-post-elm post_title usg_post_title_1 entry-title color_link_inherit\"><a href=\"https:\/\/www.maden.net\/ru\/taslarin-ozellikleri\/\">Ta\u015flar\u0131n \u00d6zellikleri<\/a><\/h2>\t\t<\/div>\r\n\t<\/article>\r\n<\/div><div class=\"w-grid-preloader\"><div class=\"g-preloader type_4\">\r\n\t<div><\/div>\r\n<\/div>\r\n<\/div>\t<div class=\"w-grid-json hidden\" onclick='return {&quot;action&quot;:&quot;us_ajax_grid&quot;,&quot;ajax_url&quot;:&quot;https:\\\/\\\/www.maden.net\\\/wp-admin\\\/admin-ajax.php&quot;,&quot;infinite_scroll&quot;:0,&quot;max_num_pages&quot;:1,&quot;pagination&quot;:&quot;infinite&quot;,&quot;permalink_url&quot;:&quot;https:\\\/\\\/www.maden.net\\\/ru\\\/wp-json\\\/wp\\\/v2\\\/pages\\\/13861\\\/&quot;,&quot;template_vars&quot;:{&quot;columns&quot;:&quot;2&quot;,&quot;exclude_items&quot;:&quot;none&quot;,&quot;img_size&quot;:&quot;default&quot;,&quot;ignore_items_size&quot;:0,&quot;items_layout&quot;:&quot;8487&quot;,&quot;items_offset&quot;:&quot;1&quot;,&quot;load_animation&quot;:&quot;none&quot;,&quot;overriding_link&quot;:&quot;none&quot;,&quot;post_id&quot;:13861,&quot;query_args&quot;:{&quot;post_type&quot;:[&quot;post&quot;],&quot;post_status&quot;:[&quot;publish&quot;],&quot;posts_per_page&quot;:&quot;10&quot;},&quot;orderby_query_args&quot;:{&quot;orderby&quot;:{&quot;date&quot;:&quot;DESC&quot;}},&quot;type&quot;:&quot;grid&quot;,&quot;us_grid_ajax_index&quot;:1,&quot;us_grid_filter_params&quot;:null,&quot;us_grid_index&quot;:1,&quot;_us_grid_post_type&quot;:&quot;post&quot;,&quot;lang&quot;:&quot;ru&quot;}}'><\/div>\r\n\t<\/div><\/div><\/div><\/div><\/div><\/div><\/section>\n","protected":false},"excerpt":{"rendered":"Ta\u015flar\u0131n, kullan\u0131lmadan \u00f6nce fiziksel ve kimyasal \u00f6zelliklerinin bilinmesi son derece \u00f6nemlidir. B\u00f6ylece \u00f6ncelikle ta\u015f\u0131n kullan\u0131m amac\u0131na uygun olup olmad\u0131\u011f\u0131 belirlenir. S\u0131k rastlanan ta\u015flar\u0131n yap\u0131sal ve mekanik \u00f6zellikleri a\u015fa\u011f\u0131daki tabloda verilmi\u015ftir. TA\u015eIN ADI KAYA\u00c7 T\u00dcR\u00dc DARBE DAYANIM \u0130NDEKS\u0130 (Wi) \u00d6ZG\u00dcL A\u011eIRLIK (ton\/m3) YI\u011eMA YO\u011eUNLU\u011eU (ton\/m3) A\u015eINDIRMA \u0130NDEKS\u0130 (Ai) BASIN\u00c7 DAYANIMI (MPa) GRAN\u00dcLASYON Andezit Magmatik 16\u00b12 2,6-2,8...","protected":false},"author":1,"featured_media":0,"parent":0,"menu_order":0,"comment_status":"closed","ping_status":"closed","template":"","meta":{"footnotes":""},"class_list":["post-13861","page","type-page","status-publish","hentry"],"yoast_head":"<!-- This site is optimized with the Yoast SEO plugin v20.0 - https:\/\/yoast.com\/wordpress\/plugins\/seo\/ -->\n<title>\u041d\u041e\u0412\u041e\u0421\u0422\u0418 - Maden Crushing &amp; Screening<\/title>\n<meta name=\"robots\" content=\"index, follow, max-snippet:-1, max-image-preview:large, max-video-preview:-1\" \/>\n<link rel=\"canonical\" href=\"https:\/\/www.maden.net\/ru\/\u043d\u043e\u0432\u043e\u0441\u0442\u0438\/\" \/>\n<meta property=\"og:locale\" content=\"ru_RU\" \/>\n<meta property=\"og:type\" content=\"article\" \/>\n<meta property=\"og:title\" content=\"\u041d\u041e\u0412\u041e\u0421\u0422\u0418 - Maden Crushing &amp; Screening\" \/>\n<meta property=\"og:url\" content=\"https:\/\/www.maden.net\/ru\/\u043d\u043e\u0432\u043e\u0441\u0442\u0438\/\" \/>\n<meta property=\"og:site_name\" content=\"Maden Crushing &amp; Screening\" \/>\n<meta property=\"article:publisher\" content=\"https:\/\/www.facebook.com\/madenmachinery\/\" \/>\n<meta property=\"article:modified_time\" content=\"2022-06-18T13:20:46+00:00\" \/>\n<meta name=\"twitter:card\" content=\"summary_large_image\" \/>\n<script type=\"application\/ld+json\" class=\"yoast-schema-graph\">{\"@context\":\"https:\/\/schema.org\",\"@graph\":[{\"@type\":\"WebPage\",\"@id\":\"https:\/\/www.maden.net\/ru\/%d0%bd%d0%be%d0%b2%d0%be%d1%81%d1%82%d0%b8\/\",\"url\":\"https:\/\/www.maden.net\/ru\/%d0%bd%d0%be%d0%b2%d0%be%d1%81%d1%82%d0%b8\/\",\"name\":\"\u041d\u041e\u0412\u041e\u0421\u0422\u0418 - Maden Crushing &amp; Screening\",\"isPartOf\":{\"@id\":\"https:\/\/www.maden.net\/#website\"},\"datePublished\":\"2021-06-11T13:41:55+00:00\",\"dateModified\":\"2022-06-18T13:20:46+00:00\",\"breadcrumb\":{\"@id\":\"https:\/\/www.maden.net\/ru\/%d0%bd%d0%be%d0%b2%d0%be%d1%81%d1%82%d0%b8\/#breadcrumb\"},\"inLanguage\":\"ru-RU\",\"potentialAction\":[{\"@type\":\"ReadAction\",\"target\":[\"https:\/\/www.maden.net\/ru\/%d0%bd%d0%be%d0%b2%d0%be%d1%81%d1%82%d0%b8\/\"]}]},{\"@type\":\"BreadcrumbList\",\"@id\":\"https:\/\/www.maden.net\/ru\/%d0%bd%d0%be%d0%b2%d0%be%d1%81%d1%82%d0%b8\/#breadcrumb\",\"itemListElement\":[{\"@type\":\"ListItem\",\"position\":1,\"name\":\"Anasayfa\",\"item\":\"https:\/\/www.maden.net\/ru\/\"},{\"@type\":\"ListItem\",\"position\":2,\"name\":\"\u041d\u041e\u0412\u041e\u0421\u0422\u0418\"}]},{\"@type\":\"WebSite\",\"@id\":\"https:\/\/www.maden.net\/#website\",\"url\":\"https:\/\/www.maden.net\/\",\"name\":\"Maden Machinery Crushing & Screening\",\"description\":\"\",\"publisher\":{\"@id\":\"https:\/\/www.maden.net\/#organization\"},\"potentialAction\":[{\"@type\":\"SearchAction\",\"target\":{\"@type\":\"EntryPoint\",\"urlTemplate\":\"https:\/\/www.maden.net\/?s={search_term_string}\"},\"query-input\":\"required name=search_term_string\"}],\"inLanguage\":\"ru-RU\"},{\"@type\":\"Organization\",\"@id\":\"https:\/\/www.maden.net\/#organization\",\"name\":\"Maden Machinery Crushing & Screening\",\"url\":\"https:\/\/www.maden.net\/\",\"logo\":{\"@type\":\"ImageObject\",\"inLanguage\":\"ru-RU\",\"@id\":\"https:\/\/www.maden.net\/#\/schema\/logo\/image\/\",\"url\":\"https:\/\/www.maden.net\/wp-content\/uploads\/2021\/07\/maden-en-logo-r.png\",\"contentUrl\":\"https:\/\/www.maden.net\/wp-content\/uploads\/2021\/07\/maden-en-logo-r.png\",\"width\":533,\"height\":304,\"caption\":\"Maden Machinery Crushing & Screening\"},\"image\":{\"@id\":\"https:\/\/www.maden.net\/#\/schema\/logo\/image\/\"},\"sameAs\":[\"https:\/\/www.instagram.com\/madenmachinery\/\",\"https:\/\/www.youtube.com\/@madenmachinery6909\",\"https:\/\/www.facebook.com\/madenmachinery\/\"]}]}<\/script>\n<!-- \/ Yoast SEO plugin. -->","yoast_head_json":{"title":"\u041d\u041e\u0412\u041e\u0421\u0422\u0418 - Maden Crushing &amp; Screening","robots":{"index":"index","follow":"follow","max-snippet":"max-snippet:-1","max-image-preview":"max-image-preview:large","max-video-preview":"max-video-preview:-1"},"canonical":"https:\/\/www.maden.net\/ru\/\u043d\u043e\u0432\u043e\u0441\u0442\u0438\/","og_locale":"ru_RU","og_type":"article","og_title":"\u041d\u041e\u0412\u041e\u0421\u0422\u0418 - Maden Crushing &amp; Screening","og_url":"https:\/\/www.maden.net\/ru\/\u043d\u043e\u0432\u043e\u0441\u0442\u0438\/","og_site_name":"Maden Crushing &amp; Screening","article_publisher":"https:\/\/www.facebook.com\/madenmachinery\/","article_modified_time":"2022-06-18T13:20:46+00:00","twitter_card":"summary_large_image","schema":{"@context":"https:\/\/schema.org","@graph":[{"@type":"WebPage","@id":"https:\/\/www.maden.net\/ru\/%d0%bd%d0%be%d0%b2%d0%be%d1%81%d1%82%d0%b8\/","url":"https:\/\/www.maden.net\/ru\/%d0%bd%d0%be%d0%b2%d0%be%d1%81%d1%82%d0%b8\/","name":"\u041d\u041e\u0412\u041e\u0421\u0422\u0418 - Maden Crushing &amp; Screening","isPartOf":{"@id":"https:\/\/www.maden.net\/#website"},"datePublished":"2021-06-11T13:41:55+00:00","dateModified":"2022-06-18T13:20:46+00:00","breadcrumb":{"@id":"https:\/\/www.maden.net\/ru\/%d0%bd%d0%be%d0%b2%d0%be%d1%81%d1%82%d0%b8\/#breadcrumb"},"inLanguage":"ru-RU","potentialAction":[{"@type":"ReadAction","target":["https:\/\/www.maden.net\/ru\/%d0%bd%d0%be%d0%b2%d0%be%d1%81%d1%82%d0%b8\/"]}]},{"@type":"BreadcrumbList","@id":"https:\/\/www.maden.net\/ru\/%d0%bd%d0%be%d0%b2%d0%be%d1%81%d1%82%d0%b8\/#breadcrumb","itemListElement":[{"@type":"ListItem","position":1,"name":"Anasayfa","item":"https:\/\/www.maden.net\/ru\/"},{"@type":"ListItem","position":2,"name":"\u041d\u041e\u0412\u041e\u0421\u0422\u0418"}]},{"@type":"WebSite","@id":"https:\/\/www.maden.net\/#website","url":"https:\/\/www.maden.net\/","name":"Maden Machinery Crushing & Screening","description":"","publisher":{"@id":"https:\/\/www.maden.net\/#organization"},"potentialAction":[{"@type":"SearchAction","target":{"@type":"EntryPoint","urlTemplate":"https:\/\/www.maden.net\/?s={search_term_string}"},"query-input":"required name=search_term_string"}],"inLanguage":"ru-RU"},{"@type":"Organization","@id":"https:\/\/www.maden.net\/#organization","name":"Maden Machinery Crushing & Screening","url":"https:\/\/www.maden.net\/","logo":{"@type":"ImageObject","inLanguage":"ru-RU","@id":"https:\/\/www.maden.net\/#\/schema\/logo\/image\/","url":"https:\/\/www.maden.net\/wp-content\/uploads\/2021\/07\/maden-en-logo-r.png","contentUrl":"https:\/\/www.maden.net\/wp-content\/uploads\/2021\/07\/maden-en-logo-r.png","width":533,"height":304,"caption":"Maden Machinery Crushing & Screening"},"image":{"@id":"https:\/\/www.maden.net\/#\/schema\/logo\/image\/"},"sameAs":["https:\/\/www.instagram.com\/madenmachinery\/","https:\/\/www.youtube.com\/@madenmachinery6909","https:\/\/www.facebook.com\/madenmachinery\/"]}]}},"_links":{"self":[{"href":"https:\/\/www.maden.net\/ru\/wp-json\/wp\/v2\/pages\/13861","targetHints":{"allow":["GET"]}}],"collection":[{"href":"https:\/\/www.maden.net\/ru\/wp-json\/wp\/v2\/pages"}],"about":[{"href":"https:\/\/www.maden.net\/ru\/wp-json\/wp\/v2\/types\/page"}],"author":[{"embeddable":true,"href":"https:\/\/www.maden.net\/ru\/wp-json\/wp\/v2\/users\/1"}],"replies":[{"embeddable":true,"href":"https:\/\/www.maden.net\/ru\/wp-json\/wp\/v2\/comments?post=13861"}],"version-history":[{"count":1,"href":"https:\/\/www.maden.net\/ru\/wp-json\/wp\/v2\/pages\/13861\/revisions"}],"predecessor-version":[{"id":13865,"href":"https:\/\/www.maden.net\/ru\/wp-json\/wp\/v2\/pages\/13861\/revisions\/13865"}],"wp:attachment":[{"href":"https:\/\/www.maden.net\/ru\/wp-json\/wp\/v2\/media?parent=13861"}],"curies":[{"name":"wp","href":"https:\/\/api.w.org\/{rel}","templated":true}]}}